{"id":392,"date":"2022-04-24T15:54:50","date_gmt":"2022-04-24T15:54:50","guid":{"rendered":"https:\/\/giantval.com\/?page_id=392"},"modified":"2022-06-02T10:47:48","modified_gmt":"2022-06-02T10:47:48","slug":"livraisons-et-retours","status":"publish","type":"page","link":"https:\/\/giantval.com\/en\/livraisons-et-retours\/","title":{"rendered":"Shipping and returns"},"content":{"rendered":"<div id=\"fws_69fd17333a74e\"  data-column-margin=\"default\" data-midnight=\"dark\"  class=\"wpb_row vc_row-fluid vc_row\"  style=\"padding-top: 0px; padding-bottom: 0px; \"><div class=\"row-bg-wrap\" data-bg-animation=\"none\" data-bg-animation-delay=\"\" data-bg-overlay=\"false\"><div class=\"inner-wrap row-bg-layer\" ><div class=\"row-bg viewport-desktop\"  style=\"\"><\/div><\/div><\/div><div class=\"row_col_wrap_12 col span_12 dark left\">\n\t<div  class=\"vc_col-sm-12 wpb_column column_container vc_column_container col no-extra-padding inherit_tablet inherit_phone\"  data-padding-pos=\"all\" data-has-bg-color=\"false\" data-bg-color=\"\" data-bg-opacity=\"1\" data-animation=\"\" data-delay=\"0\" >\n\t\t<div class=\"vc_column-inner\" >\n\t\t\t<div class=\"wpb_wrapper\">\n\t\t\t\t<h2 style=\"text-align: left\" class=\"vc_custom_heading\" >Shipping and returns<\/h2>\n\t\t\t<\/div> \n\t\t<\/div>\n\t<\/div> \n<\/div><\/div>\n\t\t<div id=\"fws_69fd17333aa3c\"  data-column-margin=\"default\" data-midnight=\"dark\"  class=\"wpb_row vc_row-fluid vc_row\"  style=\"padding-top: 0px; padding-bottom: 0px; \"><div class=\"row-bg-wrap\" data-bg-animation=\"none\" data-bg-animation-delay=\"\" data-bg-overlay=\"false\"><div class=\"inner-wrap row-bg-layer\" ><div class=\"row-bg viewport-desktop\"  style=\"\"><\/div><\/div><\/div><div class=\"row_col_wrap_12 col span_12 dark left\">\n\t<div  class=\"vc_col-sm-12 wpb_column column_container vc_column_container col no-extra-padding inherit_tablet inherit_phone\"  data-padding-pos=\"all\" data-has-bg-color=\"false\" data-bg-color=\"\" data-bg-opacity=\"1\" data-animation=\"\" data-delay=\"0\" >\n\t\t<div class=\"vc_column-inner\" >\n\t\t\t<div class=\"wpb_wrapper\">\n\t\t\t\t\n<div class=\"wpb_text_column wpb_content_element\" >\n\t<div class=\"wpb_wrapper\">\n\t\t<p><strong>LIVRAISON<\/strong><\/p>\n<p><strong>Belgique, Pays-bas<\/strong><\/p>\n<p>La livraison est gratuite \u00e0 partir de 250 euros aux Pays-Bas et en Belgique, \u00e0 domicile ou en point relay DHL, Post NL (7 \u00e0 10 jours ouvr\u00e9s).<\/p>\n<p><strong>En Europe<\/strong><\/p>\n<p>Livraison \u00e0 domicile via Mondial Relay ou DHL.<\/p>\n<p>Pour toutes demandes particuli\u00e8res vous pouvez me contacter \u00e0 cette adresse: contact@giantval.com, je ferai mon possible pour vous envoyer votre commande!<\/p>\n<p>Pour le service sur-mesure, le d\u00e9lai de livraison variera en fonction de la complexit\u00e9 de la demande ainsi que du temps production, qui est \u00e0 d\u00e9terminer avec l\u2019atelier.<\/p>\n<p><strong>\u00a0<\/strong><strong>RETOUR<\/strong><\/p>\n<p>Pour effectuer une demande de retour merci d&#8217;\u00e9crire \u00e0 l&#8217;adresse suivante: <a href=\"mailto:contact@giantval.com\">contact@giantval.com<\/a>.<\/p>\n<p>Le retour est \u00e0 la charge du client, par le transporteur de son choix avec remise sous signature et \u00e0 ses risques. Il peut s&#8217;effectuer, sous 14 jours maximum par envoi postal. Les produits doivent \u00eatre dans leur \u00e9tat d\u2019origine (non port\u00e9s). Une fois le retour re\u00e7u, le remboursement \/ \u00e9change est effectu\u00e9 dans les 14 jours.<\/p>\n\t<\/div>\n<\/div>\n\n\n\n\n\t\t\t<\/div> \n\t\t<\/div>\n\t<\/div> \n<\/div><\/div>","protected":false},"excerpt":{"rendered":"Livraisons et retours LIVRAISON Belgique, Pays-bas La livraison est gratuite \u00e0 partir de 250 euros aux Pays-Bas et en Belgique, \u00e0 domicile ou en point relay DHL, Post NL (7...","protected":false},"author":2,"featured_media":0,"parent":0,"menu_order":0,"comment_status":"closed","ping_status":"closed","template":"","meta":{"footnotes":""},"class_list":["post-392","page","type-page","status-publish"],"yoast_head":"<!-- This site is optimized with the Yoast SEO plugin v27.5 - https:\/\/yoast.com\/product\/yoast-seo-wordpress\/ -->\n<title>Livraisons et retours - GiantVal<\/title>\n<meta name=\"robots\" content=\"index, follow, max-snippet:-1, max-image-preview:large, max-video-preview:-1\" \/>\n<link rel=\"canonical\" href=\"https:\/\/giantval.com\/en\/livraisons-et-retours\/\" \/>\n<meta property=\"og:locale\" content=\"en_GB\" \/>\n<meta property=\"og:type\" content=\"article\" \/>\n<meta property=\"og:title\" content=\"Livraisons et retours - GiantVal\" \/>\n<meta property=\"og:url\" content=\"https:\/\/giantval.com\/en\/livraisons-et-retours\/\" \/>\n<meta property=\"og:site_name\" content=\"GiantVal\" \/>\n<meta property=\"article:modified_time\" content=\"2022-06-02T10:47:48+00:00\" \/>\n<meta name=\"twitter:card\" content=\"summary_large_image\" \/>\n<meta name=\"twitter:label1\" content=\"Estimated reading time\" \/>\n\t<meta name=\"twitter:data1\" content=\"2 minutes\" \/>\n<script type=\"application\/ld+json\" class=\"yoast-schema-graph\">{\"@context\":\"https:\\\/\\\/schema.org\",\"@graph\":[{\"@type\":\"WebPage\",\"@id\":\"https:\\\/\\\/giantval.com\\\/livraisons-et-retours\\\/\",\"url\":\"https:\\\/\\\/giantval.com\\\/livraisons-et-retours\\\/\",\"name\":\"Livraisons et retours - GiantVal\",\"isPartOf\":{\"@id\":\"https:\\\/\\\/giantval.com\\\/#website\"},\"datePublished\":\"2022-04-24T15:54:50+00:00\",\"dateModified\":\"2022-06-02T10:47:48+00:00\",\"breadcrumb\":{\"@id\":\"https:\\\/\\\/giantval.com\\\/livraisons-et-retours\\\/#breadcrumb\"},\"inLanguage\":\"en-GB\",\"potentialAction\":[{\"@type\":\"ReadAction\",\"target\":[\"https:\\\/\\\/giantval.com\\\/livraisons-et-retours\\\/\"]}]},{\"@type\":\"BreadcrumbList\",\"@id\":\"https:\\\/\\\/giantval.com\\\/livraisons-et-retours\\\/#breadcrumb\",\"itemListElement\":[{\"@type\":\"ListItem\",\"position\":1,\"name\":\"Accueil\",\"item\":\"https:\\\/\\\/giantval.com\\\/\"},{\"@type\":\"ListItem\",\"position\":2,\"name\":\"Livraisons et retours\"}]},{\"@type\":\"WebSite\",\"@id\":\"https:\\\/\\\/giantval.com\\\/#website\",\"url\":\"https:\\\/\\\/giantval.com\\\/\",\"name\":\"GiantVal\",\"description\":\"Premium clothes\",\"publisher\":{\"@id\":\"https:\\\/\\\/giantval.com\\\/#organization\"},\"potentialAction\":[{\"@type\":\"SearchAction\",\"target\":{\"@type\":\"EntryPoint\",\"urlTemplate\":\"https:\\\/\\\/giantval.com\\\/?s={search_term_string}\"},\"query-input\":{\"@type\":\"PropertyValueSpecification\",\"valueRequired\":true,\"valueName\":\"search_term_string\"}}],\"inLanguage\":\"en-GB\"},{\"@type\":\"Organization\",\"@id\":\"https:\\\/\\\/giantval.com\\\/#organization\",\"name\":\"GiantVal\",\"url\":\"https:\\\/\\\/giantval.com\\\/\",\"logo\":{\"@type\":\"ImageObject\",\"inLanguage\":\"en-GB\",\"@id\":\"https:\\\/\\\/giantval.com\\\/#\\\/schema\\\/logo\\\/image\\\/\",\"url\":\"https:\\\/\\\/i0.wp.com\\\/giantval.com\\\/wp-content\\\/uploads\\\/2022\\\/02\\\/GV21_Combine%E2%95%A0u%CC%88_Noir.png?fit=2501%2C1668&ssl=1\",\"contentUrl\":\"https:\\\/\\\/i0.wp.com\\\/giantval.com\\\/wp-content\\\/uploads\\\/2022\\\/02\\\/GV21_Combine%E2%95%A0u%CC%88_Noir.png?fit=2501%2C1668&ssl=1\",\"width\":2501,\"height\":1668,\"caption\":\"GiantVal\"},\"image\":{\"@id\":\"https:\\\/\\\/giantval.com\\\/#\\\/schema\\\/logo\\\/image\\\/\"}}]}<\/script>\n<!-- \/ Yoast SEO plugin. -->","yoast_head_json":{"title":"Livraisons et retours - GiantVal","robots":{"index":"index","follow":"follow","max-snippet":"max-snippet:-1","max-image-preview":"max-image-preview:large","max-video-preview":"max-video-preview:-1"},"canonical":"https:\/\/giantval.com\/en\/livraisons-et-retours\/","og_locale":"en_GB","og_type":"article","og_title":"Livraisons et retours - GiantVal","og_url":"https:\/\/giantval.com\/en\/livraisons-et-retours\/","og_site_name":"GiantVal","article_modified_time":"2022-06-02T10:47:48+00:00","twitter_card":"summary_large_image","twitter_misc":{"Estimated reading time":"2 minutes"},"schema":{"@context":"https:\/\/schema.org","@graph":[{"@type":"WebPage","@id":"https:\/\/giantval.com\/livraisons-et-retours\/","url":"https:\/\/giantval.com\/livraisons-et-retours\/","name":"Livraisons et retours - GiantVal","isPartOf":{"@id":"https:\/\/giantval.com\/#website"},"datePublished":"2022-04-24T15:54:50+00:00","dateModified":"2022-06-02T10:47:48+00:00","breadcrumb":{"@id":"https:\/\/giantval.com\/livraisons-et-retours\/#breadcrumb"},"inLanguage":"en-GB","potentialAction":[{"@type":"ReadAction","target":["https:\/\/giantval.com\/livraisons-et-retours\/"]}]},{"@type":"BreadcrumbList","@id":"https:\/\/giantval.com\/livraisons-et-retours\/#breadcrumb","itemListElement":[{"@type":"ListItem","position":1,"name":"Accueil","item":"https:\/\/giantval.com\/"},{"@type":"ListItem","position":2,"name":"Livraisons et retours"}]},{"@type":"WebSite","@id":"https:\/\/giantval.com\/#website","url":"https:\/\/giantval.com\/","name":"GiantVal","description":"Premium clothes","publisher":{"@id":"https:\/\/giantval.com\/#organization"},"potentialAction":[{"@type":"SearchAction","target":{"@type":"EntryPoint","urlTemplate":"https:\/\/giantval.com\/?s={search_term_string}"},"query-input":{"@type":"PropertyValueSpecification","valueRequired":true,"valueName":"search_term_string"}}],"inLanguage":"en-GB"},{"@type":"Organization","@id":"https:\/\/giantval.com\/#organization","name":"GiantVal","url":"https:\/\/giantval.com\/","logo":{"@type":"ImageObject","inLanguage":"en-GB","@id":"https:\/\/giantval.com\/#\/schema\/logo\/image\/","url":"https:\/\/i0.wp.com\/giantval.com\/wp-content\/uploads\/2022\/02\/GV21_Combine%E2%95%A0u%CC%88_Noir.png?fit=2501%2C1668&ssl=1","contentUrl":"https:\/\/i0.wp.com\/giantval.com\/wp-content\/uploads\/2022\/02\/GV21_Combine%E2%95%A0u%CC%88_Noir.png?fit=2501%2C1668&ssl=1","width":2501,"height":1668,"caption":"GiantVal"},"image":{"@id":"https:\/\/giantval.com\/#\/schema\/logo\/image\/"}}]}},"jetpack-related-posts":[],"jetpack_sharing_enabled":true,"_links":{"self":[{"href":"https:\/\/giantval.com\/en\/wp-json\/wp\/v2\/pages\/392","targetHints":{"allow":["GET"]}}],"collection":[{"href":"https:\/\/giantval.com\/en\/wp-json\/wp\/v2\/pages"}],"about":[{"href":"https:\/\/giantval.com\/en\/wp-json\/wp\/v2\/types\/page"}],"author":[{"embeddable":true,"href":"https:\/\/giantval.com\/en\/wp-json\/wp\/v2\/users\/2"}],"replies":[{"embeddable":true,"href":"https:\/\/giantval.com\/en\/wp-json\/wp\/v2\/comments?post=392"}],"version-history":[{"count":6,"href":"https:\/\/giantval.com\/en\/wp-json\/wp\/v2\/pages\/392\/revisions"}],"predecessor-version":[{"id":644,"href":"https:\/\/giantval.com\/en\/wp-json\/wp\/v2\/pages\/392\/revisions\/644"}],"wp:attachment":[{"href":"https:\/\/giantval.com\/en\/wp-json\/wp\/v2\/media?parent=392"}],"curies":[{"name":"wp","href":"https:\/\/api.w.org\/{rel}","templated":true}]}}