{"id":1067,"date":"2023-10-12T18:12:08","date_gmt":"2023-10-12T18:12:08","guid":{"rendered":"https:\/\/giantval.com\/?post_type=product&#038;p=1067"},"modified":"2025-12-20T12:37:28","modified_gmt":"2025-12-20T12:37:28","slug":"pantalon-a-sequins-oli","status":"publish","type":"product","link":"https:\/\/giantval.com\/en\/product\/pantalon-a-sequins-oli\/","title":{"rendered":"Pant sequin, Oli"},"content":{"rendered":"<p>These pants are high waist, slightly elephant foot, with a small slit on the sides.<\/p>\n<p>It is available in only 3 sizes: 36 , 38 and 40. The 4th piece is on order.<\/p>\n<p><em><strong>Maintenance and washing<\/strong><\/em><\/p>\n<p>Dry cleaning<\/p>\n<p><strong>Board style<\/strong><\/p>\n<p>These trousers can be worn with a white top, cream, red, blue-navy blue and black for a variety of styles, with a jacket of a tailor.<\/p>\n<p><strong>Size Guide<\/strong><\/p>\n<p>The models measure 1m74 and 1m78 and wear pants size 38.<\/p>\n<p>36: waist 69cm<\/p>\n<p>38: waist 74cm<\/p>\n<p>40: waist 79cm<\/p>\n<p>42:waist 83cm<\/p>","protected":false},"excerpt":{"rendered":"<p>Ce pantalon est taille haute, l\u00e9g\u00e8rement patte d&#8217;\u00e9l\u00e9phant, avec une petite fente sur les c\u00f4t\u00e9s. Il est disponible en seulement 3 exemplaires : En 36 , 38 et 40. La&#8230;<\/p>","protected":false},"featured_media":1103,"comment_status":"open","ping_status":"closed","template":"","meta":[],"product_brand":[],"product_cat":[85,52],"product_tag":[],"class_list":{"0":"post-1067","1":"product","2":"type-product","3":"status-publish","4":"has-post-thumbnail","6":"product_cat-nouveautes","7":"product_cat-pantalon","9":"first","10":"instock","11":"taxable","12":"shipping-taxable","13":"purchasable","14":"product-type-variable","15":"has-default-attributes"},"yoast_head":"<!-- This site is optimized with the Yoast SEO plugin v27.5 - https:\/\/yoast.com\/product\/yoast-seo-wordpress\/ -->\n<title>Pantalon sequin, Oli - GiantVal<\/title>\n<meta name=\"description\" content=\"Pantalon \u00e0 s\u00e9quins, color\u00e9. Fait \u00e0 la main et made in Belgium. Il a une coupe parfaite , et une petite fente sur les c\u00f4t\u00e9s.\" \/>\n<meta name=\"robots\" content=\"index, follow, max-snippet:-1, max-image-preview:large, max-video-preview:-1\" \/>\n<link rel=\"canonical\" href=\"https:\/\/giantval.com\/en\/product\/pantalon-a-sequins-oli\/\" \/>\n<meta property=\"og:locale\" content=\"en_GB\" \/>\n<meta property=\"og:type\" content=\"article\" \/>\n<meta property=\"og:title\" content=\"Pantalon sequin, Oli - GiantVal\" \/>\n<meta property=\"og:description\" content=\"Pantalon \u00e0 s\u00e9quins, color\u00e9. Fait \u00e0 la main et made in Belgium. Il a une coupe parfaite , et une petite fente sur les c\u00f4t\u00e9s.\" \/>\n<meta property=\"og:url\" content=\"https:\/\/giantval.com\/en\/product\/pantalon-a-sequins-oli\/\" \/>\n<meta property=\"og:site_name\" content=\"GiantVal\" \/>\n<meta property=\"article:modified_time\" content=\"2025-12-20T12:37:28+00:00\" \/>\n<meta property=\"og:image\" content=\"https:\/\/i0.wp.com\/giantval.com\/wp-content\/uploads\/2023\/10\/DSC_4624-scaled.jpg?fit=1707%2C2560&ssl=1\" \/>\n\t<meta property=\"og:image:width\" content=\"1707\" \/>\n\t<meta property=\"og:image:height\" content=\"2560\" \/>\n\t<meta property=\"og:image:type\" content=\"image\/jpeg\" \/>\n<meta name=\"twitter:card\" content=\"summary_large_image\" \/>\n<meta name=\"twitter:label1\" content=\"Estimated reading time\" \/>\n\t<meta name=\"twitter:data1\" content=\"1 minute\" \/>\n<script type=\"application\/ld+json\" class=\"yoast-schema-graph\">{\"@context\":\"https:\\\/\\\/schema.org\",\"@graph\":[{\"@type\":\"WebPage\",\"@id\":\"https:\\\/\\\/giantval.com\\\/produit\\\/pantalon-a-sequins-oli\\\/\",\"url\":\"https:\\\/\\\/giantval.com\\\/produit\\\/pantalon-a-sequins-oli\\\/\",\"name\":\"Pantalon sequin, Oli - GiantVal\",\"isPartOf\":{\"@id\":\"https:\\\/\\\/giantval.com\\\/#website\"},\"primaryImageOfPage\":{\"@id\":\"https:\\\/\\\/giantval.com\\\/produit\\\/pantalon-a-sequins-oli\\\/#primaryimage\"},\"image\":{\"@id\":\"https:\\\/\\\/giantval.com\\\/produit\\\/pantalon-a-sequins-oli\\\/#primaryimage\"},\"thumbnailUrl\":\"https:\\\/\\\/i0.wp.com\\\/giantval.com\\\/wp-content\\\/uploads\\\/2023\\\/10\\\/DSC_4624-scaled.jpg?fit=1707%2C2560&ssl=1\",\"datePublished\":\"2023-10-12T18:12:08+00:00\",\"dateModified\":\"2025-12-20T12:37:28+00:00\",\"description\":\"Pantalon \u00e0 s\u00e9quins, color\u00e9. Fait \u00e0 la main et made in Belgium. Il a une coupe parfaite , et une petite fente sur les c\u00f4t\u00e9s.\",\"breadcrumb\":{\"@id\":\"https:\\\/\\\/giantval.com\\\/produit\\\/pantalon-a-sequins-oli\\\/#breadcrumb\"},\"inLanguage\":\"en-GB\",\"potentialAction\":[{\"@type\":\"ReadAction\",\"target\":[\"https:\\\/\\\/giantval.com\\\/produit\\\/pantalon-a-sequins-oli\\\/\"]}]},{\"@type\":\"ImageObject\",\"inLanguage\":\"en-GB\",\"@id\":\"https:\\\/\\\/giantval.com\\\/produit\\\/pantalon-a-sequins-oli\\\/#primaryimage\",\"url\":\"https:\\\/\\\/i0.wp.com\\\/giantval.com\\\/wp-content\\\/uploads\\\/2023\\\/10\\\/DSC_4624-scaled.jpg?fit=1707%2C2560&ssl=1\",\"contentUrl\":\"https:\\\/\\\/i0.wp.com\\\/giantval.com\\\/wp-content\\\/uploads\\\/2023\\\/10\\\/DSC_4624-scaled.jpg?fit=1707%2C2560&ssl=1\",\"width\":1707,\"height\":2560},{\"@type\":\"BreadcrumbList\",\"@id\":\"https:\\\/\\\/giantval.com\\\/produit\\\/pantalon-a-sequins-oli\\\/#breadcrumb\",\"itemListElement\":[{\"@type\":\"ListItem\",\"position\":1,\"name\":\"Accueil\",\"item\":\"https:\\\/\\\/giantval.com\\\/\"},{\"@type\":\"ListItem\",\"position\":2,\"name\":\"E-shop\",\"item\":\"https:\\\/\\\/giantval.com\\\/e-shop\\\/\"},{\"@type\":\"ListItem\",\"position\":3,\"name\":\"Pantalon sequin, Oli\"}]},{\"@type\":\"WebSite\",\"@id\":\"https:\\\/\\\/giantval.com\\\/#website\",\"url\":\"https:\\\/\\\/giantval.com\\\/\",\"name\":\"GiantVal\",\"description\":\"Premium clothes\",\"publisher\":{\"@id\":\"https:\\\/\\\/giantval.com\\\/#organization\"},\"potentialAction\":[{\"@type\":\"SearchAction\",\"target\":{\"@type\":\"EntryPoint\",\"urlTemplate\":\"https:\\\/\\\/giantval.com\\\/?s={search_term_string}\"},\"query-input\":{\"@type\":\"PropertyValueSpecification\",\"valueRequired\":true,\"valueName\":\"search_term_string\"}}],\"inLanguage\":\"en-GB\"},{\"@type\":\"Organization\",\"@id\":\"https:\\\/\\\/giantval.com\\\/#organization\",\"name\":\"GiantVal\",\"url\":\"https:\\\/\\\/giantval.com\\\/\",\"logo\":{\"@type\":\"ImageObject\",\"inLanguage\":\"en-GB\",\"@id\":\"https:\\\/\\\/giantval.com\\\/#\\\/schema\\\/logo\\\/image\\\/\",\"url\":\"https:\\\/\\\/i0.wp.com\\\/giantval.com\\\/wp-content\\\/uploads\\\/2022\\\/02\\\/GV21_Combine%E2%95%A0u%CC%88_Noir.png?fit=2501%2C1668&ssl=1\",\"contentUrl\":\"https:\\\/\\\/i0.wp.com\\\/giantval.com\\\/wp-content\\\/uploads\\\/2022\\\/02\\\/GV21_Combine%E2%95%A0u%CC%88_Noir.png?fit=2501%2C1668&ssl=1\",\"width\":2501,\"height\":1668,\"caption\":\"GiantVal\"},\"image\":{\"@id\":\"https:\\\/\\\/giantval.com\\\/#\\\/schema\\\/logo\\\/image\\\/\"}}]}<\/script>\n<!-- \/ Yoast SEO plugin. -->","yoast_head_json":{"title":"Pantalon sequin, Oli - GiantVal","description":"Pantalon \u00e0 s\u00e9quins, color\u00e9. Fait \u00e0 la main et made in Belgium. Il a une coupe parfaite , et une petite fente sur les c\u00f4t\u00e9s.","robots":{"index":"index","follow":"follow","max-snippet":"max-snippet:-1","max-image-preview":"max-image-preview:large","max-video-preview":"max-video-preview:-1"},"canonical":"https:\/\/giantval.com\/en\/product\/pantalon-a-sequins-oli\/","og_locale":"en_GB","og_type":"article","og_title":"Pantalon sequin, Oli - GiantVal","og_description":"Pantalon \u00e0 s\u00e9quins, color\u00e9. Fait \u00e0 la main et made in Belgium. Il a une coupe parfaite , et une petite fente sur les c\u00f4t\u00e9s.","og_url":"https:\/\/giantval.com\/en\/product\/pantalon-a-sequins-oli\/","og_site_name":"GiantVal","article_modified_time":"2025-12-20T12:37:28+00:00","og_image":[{"width":1707,"height":2560,"url":"https:\/\/i0.wp.com\/giantval.com\/wp-content\/uploads\/2023\/10\/DSC_4624-scaled.jpg?fit=1707%2C2560&ssl=1","type":"image\/jpeg"}],"twitter_card":"summary_large_image","twitter_misc":{"Estimated reading time":"1 minute"},"schema":{"@context":"https:\/\/schema.org","@graph":[{"@type":"WebPage","@id":"https:\/\/giantval.com\/produit\/pantalon-a-sequins-oli\/","url":"https:\/\/giantval.com\/produit\/pantalon-a-sequins-oli\/","name":"Pantalon sequin, Oli - GiantVal","isPartOf":{"@id":"https:\/\/giantval.com\/#website"},"primaryImageOfPage":{"@id":"https:\/\/giantval.com\/produit\/pantalon-a-sequins-oli\/#primaryimage"},"image":{"@id":"https:\/\/giantval.com\/produit\/pantalon-a-sequins-oli\/#primaryimage"},"thumbnailUrl":"https:\/\/i0.wp.com\/giantval.com\/wp-content\/uploads\/2023\/10\/DSC_4624-scaled.jpg?fit=1707%2C2560&ssl=1","datePublished":"2023-10-12T18:12:08+00:00","dateModified":"2025-12-20T12:37:28+00:00","description":"Pantalon \u00e0 s\u00e9quins, color\u00e9. Fait \u00e0 la main et made in Belgium. Il a une coupe parfaite , et une petite fente sur les c\u00f4t\u00e9s.","breadcrumb":{"@id":"https:\/\/giantval.com\/produit\/pantalon-a-sequins-oli\/#breadcrumb"},"inLanguage":"en-GB","potentialAction":[{"@type":"ReadAction","target":["https:\/\/giantval.com\/produit\/pantalon-a-sequins-oli\/"]}]},{"@type":"ImageObject","inLanguage":"en-GB","@id":"https:\/\/giantval.com\/produit\/pantalon-a-sequins-oli\/#primaryimage","url":"https:\/\/i0.wp.com\/giantval.com\/wp-content\/uploads\/2023\/10\/DSC_4624-scaled.jpg?fit=1707%2C2560&ssl=1","contentUrl":"https:\/\/i0.wp.com\/giantval.com\/wp-content\/uploads\/2023\/10\/DSC_4624-scaled.jpg?fit=1707%2C2560&ssl=1","width":1707,"height":2560},{"@type":"BreadcrumbList","@id":"https:\/\/giantval.com\/produit\/pantalon-a-sequins-oli\/#breadcrumb","itemListElement":[{"@type":"ListItem","position":1,"name":"Accueil","item":"https:\/\/giantval.com\/"},{"@type":"ListItem","position":2,"name":"E-shop","item":"https:\/\/giantval.com\/e-shop\/"},{"@type":"ListItem","position":3,"name":"Pantalon sequin, Oli"}]},{"@type":"WebSite","@id":"https:\/\/giantval.com\/#website","url":"https:\/\/giantval.com\/","name":"GiantVal","description":"Premium clothes","publisher":{"@id":"https:\/\/giantval.com\/#organization"},"potentialAction":[{"@type":"SearchAction","target":{"@type":"EntryPoint","urlTemplate":"https:\/\/giantval.com\/?s={search_term_string}"},"query-input":{"@type":"PropertyValueSpecification","valueRequired":true,"valueName":"search_term_string"}}],"inLanguage":"en-GB"},{"@type":"Organization","@id":"https:\/\/giantval.com\/#organization","name":"GiantVal","url":"https:\/\/giantval.com\/","logo":{"@type":"ImageObject","inLanguage":"en-GB","@id":"https:\/\/giantval.com\/#\/schema\/logo\/image\/","url":"https:\/\/i0.wp.com\/giantval.com\/wp-content\/uploads\/2022\/02\/GV21_Combine%E2%95%A0u%CC%88_Noir.png?fit=2501%2C1668&ssl=1","contentUrl":"https:\/\/i0.wp.com\/giantval.com\/wp-content\/uploads\/2022\/02\/GV21_Combine%E2%95%A0u%CC%88_Noir.png?fit=2501%2C1668&ssl=1","width":2501,"height":1668,"caption":"GiantVal"},"image":{"@id":"https:\/\/giantval.com\/#\/schema\/logo\/image\/"}}]}},"jetpack-related-posts":[],"jetpack_sharing_enabled":true,"_links":{"self":[{"href":"https:\/\/giantval.com\/en\/wp-json\/wp\/v2\/product\/1067","targetHints":{"allow":["GET"]}}],"collection":[{"href":"https:\/\/giantval.com\/en\/wp-json\/wp\/v2\/product"}],"about":[{"href":"https:\/\/giantval.com\/en\/wp-json\/wp\/v2\/types\/product"}],"replies":[{"embeddable":true,"href":"https:\/\/giantval.com\/en\/wp-json\/wp\/v2\/comments?post=1067"}],"wp:featuredmedia":[{"embeddable":true,"href":"https:\/\/giantval.com\/en\/wp-json\/wp\/v2\/media\/1103"}],"wp:attachment":[{"href":"https:\/\/giantval.com\/en\/wp-json\/wp\/v2\/media?parent=1067"}],"wp:term":[{"taxonomy":"product_brand","embeddable":true,"href":"https:\/\/giantval.com\/en\/wp-json\/wp\/v2\/product_brand?post=1067"},{"taxonomy":"product_cat","embeddable":true,"href":"https:\/\/giantval.com\/en\/wp-json\/wp\/v2\/product_cat?post=1067"},{"taxonomy":"product_tag","embeddable":true,"href":"https:\/\/giantval.com\/en\/wp-json\/wp\/v2\/product_tag?post=1067"}],"curies":[{"name":"wp","href":"https:\/\/api.w.org\/{rel}","templated":true}]}}