{"id":1125,"date":"2023-10-13T15:07:31","date_gmt":"2023-10-13T15:07:31","guid":{"rendered":"https:\/\/giantval.com\/?post_type=product&#038;p=1125"},"modified":"2025-12-20T12:39:37","modified_gmt":"2025-12-20T12:39:37","slug":"pochettes-sequins","status":"publish","type":"product","link":"https:\/\/giantval.com\/en\/product\/pochettes-sequins\/","title":{"rendered":"Sequin Clutches"},"content":{"rendered":"<p>Using fabric scraps from the collection, we create unique drawstring pouches.<\/p>\n<p>The sleeves sequins are perfect to accompany your outfits at your event!<\/p>","protected":false},"excerpt":{"rendered":"<p>Avec les chutes des tissus de la collection, nous cr\u00e9ons des pochettes uniques \u00e0 tirettes. Les pochettes \u00e0 sequins sont parfaites pour accompagner vos tenues lors de vos \u00e9v\u00e9nements!<\/p>","protected":false},"featured_media":1112,"comment_status":"open","ping_status":"closed","template":"","meta":[],"product_brand":[],"product_cat":[64],"product_tag":[],"class_list":{"0":"post-1125","1":"product","2":"type-product","3":"status-publish","4":"has-post-thumbnail","6":"product_cat-accessoires","8":"first","9":"outofstock","10":"taxable","11":"shipping-taxable","12":"purchasable","13":"product-type-variable"},"yoast_head":"<!-- This site is optimized with the Yoast SEO plugin v27.5 - https:\/\/yoast.com\/product\/yoast-seo-wordpress\/ -->\n<title>Pochettes Sequins - GiantVal<\/title>\n<meta name=\"description\" content=\"Pochettes \u00e0 tirettes, uniques, avec des perles sequins. Elles sont faites \u00e0 la main et 100% made in Belgium! Elles accompagneront vos tenues!\" \/>\n<meta name=\"robots\" content=\"index, follow, max-snippet:-1, max-image-preview:large, max-video-preview:-1\" \/>\n<link rel=\"canonical\" href=\"https:\/\/giantval.com\/en\/product\/pochettes-sequins\/\" \/>\n<meta property=\"og:locale\" content=\"en_GB\" \/>\n<meta property=\"og:type\" content=\"article\" \/>\n<meta property=\"og:title\" content=\"Pochettes Sequins - GiantVal\" \/>\n<meta property=\"og:description\" content=\"Pochettes \u00e0 tirettes, uniques, avec des perles sequins. Elles sont faites \u00e0 la main et 100% made in Belgium! Elles accompagneront vos tenues!\" \/>\n<meta property=\"og:url\" content=\"https:\/\/giantval.com\/en\/product\/pochettes-sequins\/\" \/>\n<meta property=\"og:site_name\" content=\"GiantVal\" \/>\n<meta property=\"article:modified_time\" content=\"2025-12-20T12:39:37+00:00\" \/>\n<meta property=\"og:image\" content=\"http:\/\/giantval.com\/wp-content\/uploads\/2023\/10\/DSC_4537-scaled.jpg\" \/>\n\t<meta property=\"og:image:width\" content=\"2560\" \/>\n\t<meta property=\"og:image:height\" content=\"1707\" \/>\n\t<meta property=\"og:image:type\" content=\"image\/jpeg\" \/>\n<meta name=\"twitter:card\" content=\"summary_large_image\" \/>\n<meta name=\"twitter:label1\" content=\"Estimated reading time\" \/>\n\t<meta name=\"twitter:data1\" content=\"1 minute\" \/>\n<script type=\"application\/ld+json\" class=\"yoast-schema-graph\">{\"@context\":\"https:\\\/\\\/schema.org\",\"@graph\":[{\"@type\":\"WebPage\",\"@id\":\"https:\\\/\\\/giantval.com\\\/produit\\\/pochettes-sequins\\\/\",\"url\":\"https:\\\/\\\/giantval.com\\\/produit\\\/pochettes-sequins\\\/\",\"name\":\"Pochettes Sequins - GiantVal\",\"isPartOf\":{\"@id\":\"https:\\\/\\\/giantval.com\\\/#website\"},\"primaryImageOfPage\":{\"@id\":\"https:\\\/\\\/giantval.com\\\/produit\\\/pochettes-sequins\\\/#primaryimage\"},\"image\":{\"@id\":\"https:\\\/\\\/giantval.com\\\/produit\\\/pochettes-sequins\\\/#primaryimage\"},\"thumbnailUrl\":\"https:\\\/\\\/i0.wp.com\\\/giantval.com\\\/wp-content\\\/uploads\\\/2023\\\/10\\\/DSC_4537-scaled.jpg?fit=2560%2C1707&ssl=1\",\"datePublished\":\"2023-10-13T15:07:31+00:00\",\"dateModified\":\"2025-12-20T12:39:37+00:00\",\"description\":\"Pochettes \u00e0 tirettes, uniques, avec des perles sequins. Elles sont faites \u00e0 la main et 100% made in Belgium! Elles accompagneront vos tenues!\",\"breadcrumb\":{\"@id\":\"https:\\\/\\\/giantval.com\\\/produit\\\/pochettes-sequins\\\/#breadcrumb\"},\"inLanguage\":\"en-GB\",\"potentialAction\":[{\"@type\":\"ReadAction\",\"target\":[\"https:\\\/\\\/giantval.com\\\/produit\\\/pochettes-sequins\\\/\"]}]},{\"@type\":\"ImageObject\",\"inLanguage\":\"en-GB\",\"@id\":\"https:\\\/\\\/giantval.com\\\/produit\\\/pochettes-sequins\\\/#primaryimage\",\"url\":\"https:\\\/\\\/i0.wp.com\\\/giantval.com\\\/wp-content\\\/uploads\\\/2023\\\/10\\\/DSC_4537-scaled.jpg?fit=2560%2C1707&ssl=1\",\"contentUrl\":\"https:\\\/\\\/i0.wp.com\\\/giantval.com\\\/wp-content\\\/uploads\\\/2023\\\/10\\\/DSC_4537-scaled.jpg?fit=2560%2C1707&ssl=1\",\"width\":2560,\"height\":1707},{\"@type\":\"BreadcrumbList\",\"@id\":\"https:\\\/\\\/giantval.com\\\/produit\\\/pochettes-sequins\\\/#breadcrumb\",\"itemListElement\":[{\"@type\":\"ListItem\",\"position\":1,\"name\":\"Accueil\",\"item\":\"https:\\\/\\\/giantval.com\\\/\"},{\"@type\":\"ListItem\",\"position\":2,\"name\":\"E-shop\",\"item\":\"https:\\\/\\\/giantval.com\\\/e-shop\\\/\"},{\"@type\":\"ListItem\",\"position\":3,\"name\":\"Pochettes Sequins\"}]},{\"@type\":\"WebSite\",\"@id\":\"https:\\\/\\\/giantval.com\\\/#website\",\"url\":\"https:\\\/\\\/giantval.com\\\/\",\"name\":\"GiantVal\",\"description\":\"Premium clothes\",\"publisher\":{\"@id\":\"https:\\\/\\\/giantval.com\\\/#organization\"},\"potentialAction\":[{\"@type\":\"SearchAction\",\"target\":{\"@type\":\"EntryPoint\",\"urlTemplate\":\"https:\\\/\\\/giantval.com\\\/?s={search_term_string}\"},\"query-input\":{\"@type\":\"PropertyValueSpecification\",\"valueRequired\":true,\"valueName\":\"search_term_string\"}}],\"inLanguage\":\"en-GB\"},{\"@type\":\"Organization\",\"@id\":\"https:\\\/\\\/giantval.com\\\/#organization\",\"name\":\"GiantVal\",\"url\":\"https:\\\/\\\/giantval.com\\\/\",\"logo\":{\"@type\":\"ImageObject\",\"inLanguage\":\"en-GB\",\"@id\":\"https:\\\/\\\/giantval.com\\\/#\\\/schema\\\/logo\\\/image\\\/\",\"url\":\"https:\\\/\\\/i0.wp.com\\\/giantval.com\\\/wp-content\\\/uploads\\\/2022\\\/02\\\/GV21_Combine%E2%95%A0u%CC%88_Noir.png?fit=2501%2C1668&ssl=1\",\"contentUrl\":\"https:\\\/\\\/i0.wp.com\\\/giantval.com\\\/wp-content\\\/uploads\\\/2022\\\/02\\\/GV21_Combine%E2%95%A0u%CC%88_Noir.png?fit=2501%2C1668&ssl=1\",\"width\":2501,\"height\":1668,\"caption\":\"GiantVal\"},\"image\":{\"@id\":\"https:\\\/\\\/giantval.com\\\/#\\\/schema\\\/logo\\\/image\\\/\"}}]}<\/script>\n<!-- \/ Yoast SEO plugin. -->","yoast_head_json":{"title":"Pochettes Sequins - GiantVal","description":"Pochettes \u00e0 tirettes, uniques, avec des perles sequins. Elles sont faites \u00e0 la main et 100% made in Belgium! Elles accompagneront vos tenues!","robots":{"index":"index","follow":"follow","max-snippet":"max-snippet:-1","max-image-preview":"max-image-preview:large","max-video-preview":"max-video-preview:-1"},"canonical":"https:\/\/giantval.com\/en\/product\/pochettes-sequins\/","og_locale":"en_GB","og_type":"article","og_title":"Pochettes Sequins - GiantVal","og_description":"Pochettes \u00e0 tirettes, uniques, avec des perles sequins. Elles sont faites \u00e0 la main et 100% made in Belgium! Elles accompagneront vos tenues!","og_url":"https:\/\/giantval.com\/en\/product\/pochettes-sequins\/","og_site_name":"GiantVal","article_modified_time":"2025-12-20T12:39:37+00:00","og_image":[{"width":2560,"height":1707,"url":"http:\/\/giantval.com\/wp-content\/uploads\/2023\/10\/DSC_4537-scaled.jpg","type":"image\/jpeg"}],"twitter_card":"summary_large_image","twitter_misc":{"Estimated reading time":"1 minute"},"schema":{"@context":"https:\/\/schema.org","@graph":[{"@type":"WebPage","@id":"https:\/\/giantval.com\/produit\/pochettes-sequins\/","url":"https:\/\/giantval.com\/produit\/pochettes-sequins\/","name":"Pochettes Sequins - GiantVal","isPartOf":{"@id":"https:\/\/giantval.com\/#website"},"primaryImageOfPage":{"@id":"https:\/\/giantval.com\/produit\/pochettes-sequins\/#primaryimage"},"image":{"@id":"https:\/\/giantval.com\/produit\/pochettes-sequins\/#primaryimage"},"thumbnailUrl":"https:\/\/i0.wp.com\/giantval.com\/wp-content\/uploads\/2023\/10\/DSC_4537-scaled.jpg?fit=2560%2C1707&ssl=1","datePublished":"2023-10-13T15:07:31+00:00","dateModified":"2025-12-20T12:39:37+00:00","description":"Pochettes \u00e0 tirettes, uniques, avec des perles sequins. Elles sont faites \u00e0 la main et 100% made in Belgium! Elles accompagneront vos tenues!","breadcrumb":{"@id":"https:\/\/giantval.com\/produit\/pochettes-sequins\/#breadcrumb"},"inLanguage":"en-GB","potentialAction":[{"@type":"ReadAction","target":["https:\/\/giantval.com\/produit\/pochettes-sequins\/"]}]},{"@type":"ImageObject","inLanguage":"en-GB","@id":"https:\/\/giantval.com\/produit\/pochettes-sequins\/#primaryimage","url":"https:\/\/i0.wp.com\/giantval.com\/wp-content\/uploads\/2023\/10\/DSC_4537-scaled.jpg?fit=2560%2C1707&ssl=1","contentUrl":"https:\/\/i0.wp.com\/giantval.com\/wp-content\/uploads\/2023\/10\/DSC_4537-scaled.jpg?fit=2560%2C1707&ssl=1","width":2560,"height":1707},{"@type":"BreadcrumbList","@id":"https:\/\/giantval.com\/produit\/pochettes-sequins\/#breadcrumb","itemListElement":[{"@type":"ListItem","position":1,"name":"Accueil","item":"https:\/\/giantval.com\/"},{"@type":"ListItem","position":2,"name":"E-shop","item":"https:\/\/giantval.com\/e-shop\/"},{"@type":"ListItem","position":3,"name":"Pochettes Sequins"}]},{"@type":"WebSite","@id":"https:\/\/giantval.com\/#website","url":"https:\/\/giantval.com\/","name":"GiantVal","description":"Premium clothes","publisher":{"@id":"https:\/\/giantval.com\/#organization"},"potentialAction":[{"@type":"SearchAction","target":{"@type":"EntryPoint","urlTemplate":"https:\/\/giantval.com\/?s={search_term_string}"},"query-input":{"@type":"PropertyValueSpecification","valueRequired":true,"valueName":"search_term_string"}}],"inLanguage":"en-GB"},{"@type":"Organization","@id":"https:\/\/giantval.com\/#organization","name":"GiantVal","url":"https:\/\/giantval.com\/","logo":{"@type":"ImageObject","inLanguage":"en-GB","@id":"https:\/\/giantval.com\/#\/schema\/logo\/image\/","url":"https:\/\/i0.wp.com\/giantval.com\/wp-content\/uploads\/2022\/02\/GV21_Combine%E2%95%A0u%CC%88_Noir.png?fit=2501%2C1668&ssl=1","contentUrl":"https:\/\/i0.wp.com\/giantval.com\/wp-content\/uploads\/2022\/02\/GV21_Combine%E2%95%A0u%CC%88_Noir.png?fit=2501%2C1668&ssl=1","width":2501,"height":1668,"caption":"GiantVal"},"image":{"@id":"https:\/\/giantval.com\/#\/schema\/logo\/image\/"}}]}},"jetpack-related-posts":[],"jetpack_sharing_enabled":true,"_links":{"self":[{"href":"https:\/\/giantval.com\/en\/wp-json\/wp\/v2\/product\/1125","targetHints":{"allow":["GET"]}}],"collection":[{"href":"https:\/\/giantval.com\/en\/wp-json\/wp\/v2\/product"}],"about":[{"href":"https:\/\/giantval.com\/en\/wp-json\/wp\/v2\/types\/product"}],"replies":[{"embeddable":true,"href":"https:\/\/giantval.com\/en\/wp-json\/wp\/v2\/comments?post=1125"}],"wp:featuredmedia":[{"embeddable":true,"href":"https:\/\/giantval.com\/en\/wp-json\/wp\/v2\/media\/1112"}],"wp:attachment":[{"href":"https:\/\/giantval.com\/en\/wp-json\/wp\/v2\/media?parent=1125"}],"wp:term":[{"taxonomy":"product_brand","embeddable":true,"href":"https:\/\/giantval.com\/en\/wp-json\/wp\/v2\/product_brand?post=1125"},{"taxonomy":"product_cat","embeddable":true,"href":"https:\/\/giantval.com\/en\/wp-json\/wp\/v2\/product_cat?post=1125"},{"taxonomy":"product_tag","embeddable":true,"href":"https:\/\/giantval.com\/en\/wp-json\/wp\/v2\/product_tag?post=1125"}],"curies":[{"name":"wp","href":"https:\/\/api.w.org\/{rel}","templated":true}]}}