{"id":135,"date":"2022-04-02T16:29:13","date_gmt":"2022-04-02T16:29:13","guid":{"rendered":"https:\/\/giantval.com\/?post_type=product&#038;p=135"},"modified":"2025-12-20T12:57:10","modified_gmt":"2025-12-20T12:57:10","slug":"combinaise-jeanne","status":"publish","type":"product","link":"https:\/\/giantval.com\/en\/product\/combinaise-jeanne\/","title":{"rendered":"Jeanne jumpsuit"},"content":{"rendered":"<p>This jumpsuit is available in only 3 sizes: 36 , 38 and 40. The 4th piece is on order.\nIt features small white buttons and green beads on the shoulders and collar. The model is also wearing one of our Clara clutches.<\/p>\n<p><strong><em>Maintenance and washing<\/em><\/strong><\/p>\n<p>Dry cleaning<\/p>\n<p><strong>Size Guide<\/strong><\/p>\n<p>The model measures 1m62 and wear size 40.<\/p>\n<p>36: waist 69cm<\/p>\n<p>38: waist 74cm<\/p>\n<p>40: waist 79cm<\/p>\n<p>42:waist 83cm<\/p>","protected":false},"excerpt":{"rendered":"<p>Cette combinaison short est disponible en seulement 3 exemplaires en 36 , 38 et 40. La 4\u00e8me pi\u00e8ce est sur commande.Elle est compos\u00e9e de petits boutons blanc et de perles&#8230;<\/p>","protected":false},"featured_media":462,"comment_status":"open","ping_status":"closed","template":"","meta":[],"product_brand":[],"product_cat":[30,42],"product_tag":[],"class_list":{"0":"post-135","1":"product","2":"type-product","3":"status-publish","4":"has-post-thumbnail","6":"product_cat-clothing","7":"product_cat-combinaison","9":"first","10":"instock","11":"taxable","12":"shipping-taxable","13":"purchasable","14":"product-type-variable"},"yoast_head":"<!-- This site is optimized with the Yoast SEO plugin v27.5 - https:\/\/yoast.com\/product\/yoast-seo-wordpress\/ -->\n<title>Combinaison Jeanne - GiantVal<\/title>\n<meta name=\"robots\" content=\"index, follow, max-snippet:-1, max-image-preview:large, max-video-preview:-1\" \/>\n<link rel=\"canonical\" href=\"https:\/\/giantval.com\/en\/product\/combinaise-jeanne\/\" \/>\n<meta property=\"og:locale\" content=\"en_GB\" \/>\n<meta property=\"og:type\" content=\"article\" \/>\n<meta property=\"og:title\" content=\"Combinaison Jeanne - GiantVal\" \/>\n<meta property=\"og:description\" content=\"Cette combinaison short est disponible en seulement 3 exemplaires en 36 , 38 et 40. La 4\u00e8me pi\u00e8ce est sur commande.Elle est compos\u00e9e de petits boutons blanc et de perles...\" \/>\n<meta property=\"og:url\" content=\"https:\/\/giantval.com\/en\/product\/combinaise-jeanne\/\" \/>\n<meta property=\"og:site_name\" content=\"GiantVal\" \/>\n<meta property=\"article:modified_time\" content=\"2025-12-20T12:57:10+00:00\" \/>\n<meta property=\"og:image\" content=\"https:\/\/i0.wp.com\/giantval.com\/wp-content\/uploads\/2022\/04\/A2A9570-scaled.jpg?fit=1707%2C2560&ssl=1\" \/>\n\t<meta property=\"og:image:width\" content=\"1707\" \/>\n\t<meta property=\"og:image:height\" content=\"2560\" \/>\n\t<meta property=\"og:image:type\" content=\"image\/jpeg\" \/>\n<meta name=\"twitter:card\" content=\"summary_large_image\" \/>\n<meta name=\"twitter:label1\" content=\"Estimated reading time\" \/>\n\t<meta name=\"twitter:data1\" content=\"1 minute\" \/>\n<script type=\"application\/ld+json\" class=\"yoast-schema-graph\">{\"@context\":\"https:\\\/\\\/schema.org\",\"@graph\":[{\"@type\":\"WebPage\",\"@id\":\"https:\\\/\\\/giantval.com\\\/produit\\\/combinaise-jeanne\\\/\",\"url\":\"https:\\\/\\\/giantval.com\\\/produit\\\/combinaise-jeanne\\\/\",\"name\":\"Combinaison Jeanne - GiantVal\",\"isPartOf\":{\"@id\":\"https:\\\/\\\/giantval.com\\\/#website\"},\"primaryImageOfPage\":{\"@id\":\"https:\\\/\\\/giantval.com\\\/produit\\\/combinaise-jeanne\\\/#primaryimage\"},\"image\":{\"@id\":\"https:\\\/\\\/giantval.com\\\/produit\\\/combinaise-jeanne\\\/#primaryimage\"},\"thumbnailUrl\":\"https:\\\/\\\/i0.wp.com\\\/giantval.com\\\/wp-content\\\/uploads\\\/2022\\\/04\\\/A2A9570-scaled.jpg?fit=1707%2C2560&ssl=1\",\"datePublished\":\"2022-04-02T16:29:13+00:00\",\"dateModified\":\"2025-12-20T12:57:10+00:00\",\"breadcrumb\":{\"@id\":\"https:\\\/\\\/giantval.com\\\/produit\\\/combinaise-jeanne\\\/#breadcrumb\"},\"inLanguage\":\"en-GB\",\"potentialAction\":[{\"@type\":\"ReadAction\",\"target\":[\"https:\\\/\\\/giantval.com\\\/produit\\\/combinaise-jeanne\\\/\"]}]},{\"@type\":\"ImageObject\",\"inLanguage\":\"en-GB\",\"@id\":\"https:\\\/\\\/giantval.com\\\/produit\\\/combinaise-jeanne\\\/#primaryimage\",\"url\":\"https:\\\/\\\/i0.wp.com\\\/giantval.com\\\/wp-content\\\/uploads\\\/2022\\\/04\\\/A2A9570-scaled.jpg?fit=1707%2C2560&ssl=1\",\"contentUrl\":\"https:\\\/\\\/i0.wp.com\\\/giantval.com\\\/wp-content\\\/uploads\\\/2022\\\/04\\\/A2A9570-scaled.jpg?fit=1707%2C2560&ssl=1\",\"width\":1707,\"height\":2560},{\"@type\":\"BreadcrumbList\",\"@id\":\"https:\\\/\\\/giantval.com\\\/produit\\\/combinaise-jeanne\\\/#breadcrumb\",\"itemListElement\":[{\"@type\":\"ListItem\",\"position\":1,\"name\":\"Accueil\",\"item\":\"https:\\\/\\\/giantval.com\\\/\"},{\"@type\":\"ListItem\",\"position\":2,\"name\":\"E-shop\",\"item\":\"https:\\\/\\\/giantval.com\\\/e-shop\\\/\"},{\"@type\":\"ListItem\",\"position\":3,\"name\":\"Combinaison Jeanne\"}]},{\"@type\":\"WebSite\",\"@id\":\"https:\\\/\\\/giantval.com\\\/#website\",\"url\":\"https:\\\/\\\/giantval.com\\\/\",\"name\":\"GiantVal\",\"description\":\"Premium clothes\",\"publisher\":{\"@id\":\"https:\\\/\\\/giantval.com\\\/#organization\"},\"potentialAction\":[{\"@type\":\"SearchAction\",\"target\":{\"@type\":\"EntryPoint\",\"urlTemplate\":\"https:\\\/\\\/giantval.com\\\/?s={search_term_string}\"},\"query-input\":{\"@type\":\"PropertyValueSpecification\",\"valueRequired\":true,\"valueName\":\"search_term_string\"}}],\"inLanguage\":\"en-GB\"},{\"@type\":\"Organization\",\"@id\":\"https:\\\/\\\/giantval.com\\\/#organization\",\"name\":\"GiantVal\",\"url\":\"https:\\\/\\\/giantval.com\\\/\",\"logo\":{\"@type\":\"ImageObject\",\"inLanguage\":\"en-GB\",\"@id\":\"https:\\\/\\\/giantval.com\\\/#\\\/schema\\\/logo\\\/image\\\/\",\"url\":\"https:\\\/\\\/i0.wp.com\\\/giantval.com\\\/wp-content\\\/uploads\\\/2022\\\/02\\\/GV21_Combine%E2%95%A0u%CC%88_Noir.png?fit=2501%2C1668&ssl=1\",\"contentUrl\":\"https:\\\/\\\/i0.wp.com\\\/giantval.com\\\/wp-content\\\/uploads\\\/2022\\\/02\\\/GV21_Combine%E2%95%A0u%CC%88_Noir.png?fit=2501%2C1668&ssl=1\",\"width\":2501,\"height\":1668,\"caption\":\"GiantVal\"},\"image\":{\"@id\":\"https:\\\/\\\/giantval.com\\\/#\\\/schema\\\/logo\\\/image\\\/\"}}]}<\/script>\n<!-- \/ Yoast SEO plugin. -->","yoast_head_json":{"title":"Combinaison Jeanne - GiantVal","robots":{"index":"index","follow":"follow","max-snippet":"max-snippet:-1","max-image-preview":"max-image-preview:large","max-video-preview":"max-video-preview:-1"},"canonical":"https:\/\/giantval.com\/en\/product\/combinaise-jeanne\/","og_locale":"en_GB","og_type":"article","og_title":"Combinaison Jeanne - GiantVal","og_description":"Cette combinaison short est disponible en seulement 3 exemplaires en 36 , 38 et 40. La 4\u00e8me pi\u00e8ce est sur commande.Elle est compos\u00e9e de petits boutons blanc et de perles...","og_url":"https:\/\/giantval.com\/en\/product\/combinaise-jeanne\/","og_site_name":"GiantVal","article_modified_time":"2025-12-20T12:57:10+00:00","og_image":[{"width":1707,"height":2560,"url":"https:\/\/i0.wp.com\/giantval.com\/wp-content\/uploads\/2022\/04\/A2A9570-scaled.jpg?fit=1707%2C2560&ssl=1","type":"image\/jpeg"}],"twitter_card":"summary_large_image","twitter_misc":{"Estimated reading time":"1 minute"},"schema":{"@context":"https:\/\/schema.org","@graph":[{"@type":"WebPage","@id":"https:\/\/giantval.com\/produit\/combinaise-jeanne\/","url":"https:\/\/giantval.com\/produit\/combinaise-jeanne\/","name":"Combinaison Jeanne - GiantVal","isPartOf":{"@id":"https:\/\/giantval.com\/#website"},"primaryImageOfPage":{"@id":"https:\/\/giantval.com\/produit\/combinaise-jeanne\/#primaryimage"},"image":{"@id":"https:\/\/giantval.com\/produit\/combinaise-jeanne\/#primaryimage"},"thumbnailUrl":"https:\/\/i0.wp.com\/giantval.com\/wp-content\/uploads\/2022\/04\/A2A9570-scaled.jpg?fit=1707%2C2560&ssl=1","datePublished":"2022-04-02T16:29:13+00:00","dateModified":"2025-12-20T12:57:10+00:00","breadcrumb":{"@id":"https:\/\/giantval.com\/produit\/combinaise-jeanne\/#breadcrumb"},"inLanguage":"en-GB","potentialAction":[{"@type":"ReadAction","target":["https:\/\/giantval.com\/produit\/combinaise-jeanne\/"]}]},{"@type":"ImageObject","inLanguage":"en-GB","@id":"https:\/\/giantval.com\/produit\/combinaise-jeanne\/#primaryimage","url":"https:\/\/i0.wp.com\/giantval.com\/wp-content\/uploads\/2022\/04\/A2A9570-scaled.jpg?fit=1707%2C2560&ssl=1","contentUrl":"https:\/\/i0.wp.com\/giantval.com\/wp-content\/uploads\/2022\/04\/A2A9570-scaled.jpg?fit=1707%2C2560&ssl=1","width":1707,"height":2560},{"@type":"BreadcrumbList","@id":"https:\/\/giantval.com\/produit\/combinaise-jeanne\/#breadcrumb","itemListElement":[{"@type":"ListItem","position":1,"name":"Accueil","item":"https:\/\/giantval.com\/"},{"@type":"ListItem","position":2,"name":"E-shop","item":"https:\/\/giantval.com\/e-shop\/"},{"@type":"ListItem","position":3,"name":"Combinaison Jeanne"}]},{"@type":"WebSite","@id":"https:\/\/giantval.com\/#website","url":"https:\/\/giantval.com\/","name":"GiantVal","description":"Premium clothes","publisher":{"@id":"https:\/\/giantval.com\/#organization"},"potentialAction":[{"@type":"SearchAction","target":{"@type":"EntryPoint","urlTemplate":"https:\/\/giantval.com\/?s={search_term_string}"},"query-input":{"@type":"PropertyValueSpecification","valueRequired":true,"valueName":"search_term_string"}}],"inLanguage":"en-GB"},{"@type":"Organization","@id":"https:\/\/giantval.com\/#organization","name":"GiantVal","url":"https:\/\/giantval.com\/","logo":{"@type":"ImageObject","inLanguage":"en-GB","@id":"https:\/\/giantval.com\/#\/schema\/logo\/image\/","url":"https:\/\/i0.wp.com\/giantval.com\/wp-content\/uploads\/2022\/02\/GV21_Combine%E2%95%A0u%CC%88_Noir.png?fit=2501%2C1668&ssl=1","contentUrl":"https:\/\/i0.wp.com\/giantval.com\/wp-content\/uploads\/2022\/02\/GV21_Combine%E2%95%A0u%CC%88_Noir.png?fit=2501%2C1668&ssl=1","width":2501,"height":1668,"caption":"GiantVal"},"image":{"@id":"https:\/\/giantval.com\/#\/schema\/logo\/image\/"}}]}},"jetpack-related-posts":[],"jetpack_sharing_enabled":true,"_links":{"self":[{"href":"https:\/\/giantval.com\/en\/wp-json\/wp\/v2\/product\/135","targetHints":{"allow":["GET"]}}],"collection":[{"href":"https:\/\/giantval.com\/en\/wp-json\/wp\/v2\/product"}],"about":[{"href":"https:\/\/giantval.com\/en\/wp-json\/wp\/v2\/types\/product"}],"replies":[{"embeddable":true,"href":"https:\/\/giantval.com\/en\/wp-json\/wp\/v2\/comments?post=135"}],"wp:featuredmedia":[{"embeddable":true,"href":"https:\/\/giantval.com\/en\/wp-json\/wp\/v2\/media\/462"}],"wp:attachment":[{"href":"https:\/\/giantval.com\/en\/wp-json\/wp\/v2\/media?parent=135"}],"wp:term":[{"taxonomy":"product_brand","embeddable":true,"href":"https:\/\/giantval.com\/en\/wp-json\/wp\/v2\/product_brand?post=135"},{"taxonomy":"product_cat","embeddable":true,"href":"https:\/\/giantval.com\/en\/wp-json\/wp\/v2\/product_cat?post=135"},{"taxonomy":"product_tag","embeddable":true,"href":"https:\/\/giantval.com\/en\/wp-json\/wp\/v2\/product_tag?post=135"}],"curies":[{"name":"wp","href":"https:\/\/api.w.org\/{rel}","templated":true}]}}