{"id":280,"date":"2022-04-02T17:06:36","date_gmt":"2022-04-02T17:06:36","guid":{"rendered":"https:\/\/giantval.com\/?post_type=product&#038;p=280"},"modified":"2025-12-20T12:39:37","modified_gmt":"2025-12-20T12:39:37","slug":"blazer-lena","status":"publish","type":"product","link":"https:\/\/giantval.com\/en\/product\/blazer-lena\/","title":{"rendered":"Lena Jacket"},"content":{"rendered":"<p>Only three of these unique sequined fuchsia blazers are available: in sizes 36, 38, and 40. The fourth piece is available to order.<\/p>\n<p>This blazer has three black jeweled buttons.<\/p>\n<p><strong>Board style<\/strong><\/p>\n<p>This blazer can be worn with complementary colours like the pants azura as well as with black pants classic or jeans for a casual look-chic!<\/p>\n<p><strong>Maintenance and washing<\/strong><\/p>\n<p>Dry cleaning<\/p>\n<p><strong>Size Guide<\/strong><\/p>\n<p>The model  measure 1m78 and wear a size 38.<\/p>\n<p>36: waist 69cm<\/p>\n<p>38: waist 74cm<\/p>\n<p>40: waist 79cm<\/p>\n<p>42:waist 83cm<\/p>","protected":false},"excerpt":{"rendered":"<p>Cet unique Blazer Fushia paillet\u00e9 est seulement disponible en 3 exemplaires : En 36, 38, 40. La 4\u00e8me pi\u00e8ce est sur commande. Ce blazer est compos\u00e9 de trois boutons bijoux&#8230;<\/p>","protected":false},"featured_media":419,"comment_status":"open","ping_status":"closed","template":"","meta":[],"product_brand":[],"product_cat":[30,41],"product_tag":[],"class_list":{"0":"post-280","1":"product","2":"type-product","3":"status-publish","4":"has-post-thumbnail","6":"product_cat-clothing","7":"product_cat-veste","9":"first","10":"instock","11":"taxable","12":"shipping-taxable","13":"purchasable","14":"product-type-variable"},"yoast_head":"<!-- This site is optimized with the Yoast SEO plugin v27.5 - https:\/\/yoast.com\/product\/yoast-seo-wordpress\/ -->\n<title>Veste L\u00e9na - GiantVal<\/title>\n<meta name=\"robots\" content=\"index, follow, max-snippet:-1, max-image-preview:large, max-video-preview:-1\" \/>\n<link rel=\"canonical\" href=\"https:\/\/giantval.com\/en\/product\/blazer-lena\/\" \/>\n<meta property=\"og:locale\" content=\"en_GB\" \/>\n<meta property=\"og:type\" content=\"article\" \/>\n<meta property=\"og:title\" content=\"Veste L\u00e9na - GiantVal\" \/>\n<meta property=\"og:description\" content=\"Cet unique Blazer Fushia paillet\u00e9 est seulement disponible en 3 exemplaires : En 36, 38, 40. La 4\u00e8me pi\u00e8ce est sur commande. Ce blazer est compos\u00e9 de trois boutons bijoux...\" \/>\n<meta property=\"og:url\" content=\"https:\/\/giantval.com\/en\/product\/blazer-lena\/\" \/>\n<meta property=\"og:site_name\" content=\"GiantVal\" \/>\n<meta property=\"article:modified_time\" content=\"2025-12-20T12:39:37+00:00\" \/>\n<meta property=\"og:image\" content=\"https:\/\/i0.wp.com\/giantval.com\/wp-content\/uploads\/2022\/04\/A2A0231-1-scaled.jpg?fit=1707%2C2560&ssl=1\" \/>\n\t<meta property=\"og:image:width\" content=\"1707\" \/>\n\t<meta property=\"og:image:height\" content=\"2560\" \/>\n\t<meta property=\"og:image:type\" content=\"image\/jpeg\" \/>\n<meta name=\"twitter:card\" content=\"summary_large_image\" \/>\n<meta name=\"twitter:label1\" content=\"Estimated reading time\" \/>\n\t<meta name=\"twitter:data1\" content=\"1 minute\" \/>\n<script type=\"application\/ld+json\" class=\"yoast-schema-graph\">{\"@context\":\"https:\\\/\\\/schema.org\",\"@graph\":[{\"@type\":\"WebPage\",\"@id\":\"https:\\\/\\\/giantval.com\\\/produit\\\/blazer-lena\\\/\",\"url\":\"https:\\\/\\\/giantval.com\\\/produit\\\/blazer-lena\\\/\",\"name\":\"Veste L\u00e9na - GiantVal\",\"isPartOf\":{\"@id\":\"https:\\\/\\\/giantval.com\\\/#website\"},\"primaryImageOfPage\":{\"@id\":\"https:\\\/\\\/giantval.com\\\/produit\\\/blazer-lena\\\/#primaryimage\"},\"image\":{\"@id\":\"https:\\\/\\\/giantval.com\\\/produit\\\/blazer-lena\\\/#primaryimage\"},\"thumbnailUrl\":\"https:\\\/\\\/i0.wp.com\\\/giantval.com\\\/wp-content\\\/uploads\\\/2022\\\/04\\\/A2A0231-1-scaled.jpg?fit=1707%2C2560&ssl=1\",\"datePublished\":\"2022-04-02T17:06:36+00:00\",\"dateModified\":\"2025-12-20T12:39:37+00:00\",\"breadcrumb\":{\"@id\":\"https:\\\/\\\/giantval.com\\\/produit\\\/blazer-lena\\\/#breadcrumb\"},\"inLanguage\":\"en-GB\",\"potentialAction\":[{\"@type\":\"ReadAction\",\"target\":[\"https:\\\/\\\/giantval.com\\\/produit\\\/blazer-lena\\\/\"]}]},{\"@type\":\"ImageObject\",\"inLanguage\":\"en-GB\",\"@id\":\"https:\\\/\\\/giantval.com\\\/produit\\\/blazer-lena\\\/#primaryimage\",\"url\":\"https:\\\/\\\/i0.wp.com\\\/giantval.com\\\/wp-content\\\/uploads\\\/2022\\\/04\\\/A2A0231-1-scaled.jpg?fit=1707%2C2560&ssl=1\",\"contentUrl\":\"https:\\\/\\\/i0.wp.com\\\/giantval.com\\\/wp-content\\\/uploads\\\/2022\\\/04\\\/A2A0231-1-scaled.jpg?fit=1707%2C2560&ssl=1\",\"width\":1707,\"height\":2560},{\"@type\":\"BreadcrumbList\",\"@id\":\"https:\\\/\\\/giantval.com\\\/produit\\\/blazer-lena\\\/#breadcrumb\",\"itemListElement\":[{\"@type\":\"ListItem\",\"position\":1,\"name\":\"Accueil\",\"item\":\"https:\\\/\\\/giantval.com\\\/\"},{\"@type\":\"ListItem\",\"position\":2,\"name\":\"E-shop\",\"item\":\"https:\\\/\\\/giantval.com\\\/e-shop\\\/\"},{\"@type\":\"ListItem\",\"position\":3,\"name\":\"Veste L\u00e9na\"}]},{\"@type\":\"WebSite\",\"@id\":\"https:\\\/\\\/giantval.com\\\/#website\",\"url\":\"https:\\\/\\\/giantval.com\\\/\",\"name\":\"GiantVal\",\"description\":\"Premium clothes\",\"publisher\":{\"@id\":\"https:\\\/\\\/giantval.com\\\/#organization\"},\"potentialAction\":[{\"@type\":\"SearchAction\",\"target\":{\"@type\":\"EntryPoint\",\"urlTemplate\":\"https:\\\/\\\/giantval.com\\\/?s={search_term_string}\"},\"query-input\":{\"@type\":\"PropertyValueSpecification\",\"valueRequired\":true,\"valueName\":\"search_term_string\"}}],\"inLanguage\":\"en-GB\"},{\"@type\":\"Organization\",\"@id\":\"https:\\\/\\\/giantval.com\\\/#organization\",\"name\":\"GiantVal\",\"url\":\"https:\\\/\\\/giantval.com\\\/\",\"logo\":{\"@type\":\"ImageObject\",\"inLanguage\":\"en-GB\",\"@id\":\"https:\\\/\\\/giantval.com\\\/#\\\/schema\\\/logo\\\/image\\\/\",\"url\":\"https:\\\/\\\/i0.wp.com\\\/giantval.com\\\/wp-content\\\/uploads\\\/2022\\\/02\\\/GV21_Combine%E2%95%A0u%CC%88_Noir.png?fit=2501%2C1668&ssl=1\",\"contentUrl\":\"https:\\\/\\\/i0.wp.com\\\/giantval.com\\\/wp-content\\\/uploads\\\/2022\\\/02\\\/GV21_Combine%E2%95%A0u%CC%88_Noir.png?fit=2501%2C1668&ssl=1\",\"width\":2501,\"height\":1668,\"caption\":\"GiantVal\"},\"image\":{\"@id\":\"https:\\\/\\\/giantval.com\\\/#\\\/schema\\\/logo\\\/image\\\/\"}}]}<\/script>\n<!-- \/ Yoast SEO plugin. -->","yoast_head_json":{"title":"Veste L\u00e9na - GiantVal","robots":{"index":"index","follow":"follow","max-snippet":"max-snippet:-1","max-image-preview":"max-image-preview:large","max-video-preview":"max-video-preview:-1"},"canonical":"https:\/\/giantval.com\/en\/product\/blazer-lena\/","og_locale":"en_GB","og_type":"article","og_title":"Veste L\u00e9na - GiantVal","og_description":"Cet unique Blazer Fushia paillet\u00e9 est seulement disponible en 3 exemplaires : En 36, 38, 40. La 4\u00e8me pi\u00e8ce est sur commande. Ce blazer est compos\u00e9 de trois boutons bijoux...","og_url":"https:\/\/giantval.com\/en\/product\/blazer-lena\/","og_site_name":"GiantVal","article_modified_time":"2025-12-20T12:39:37+00:00","og_image":[{"width":1707,"height":2560,"url":"https:\/\/i0.wp.com\/giantval.com\/wp-content\/uploads\/2022\/04\/A2A0231-1-scaled.jpg?fit=1707%2C2560&ssl=1","type":"image\/jpeg"}],"twitter_card":"summary_large_image","twitter_misc":{"Estimated reading time":"1 minute"},"schema":{"@context":"https:\/\/schema.org","@graph":[{"@type":"WebPage","@id":"https:\/\/giantval.com\/produit\/blazer-lena\/","url":"https:\/\/giantval.com\/produit\/blazer-lena\/","name":"Veste L\u00e9na - GiantVal","isPartOf":{"@id":"https:\/\/giantval.com\/#website"},"primaryImageOfPage":{"@id":"https:\/\/giantval.com\/produit\/blazer-lena\/#primaryimage"},"image":{"@id":"https:\/\/giantval.com\/produit\/blazer-lena\/#primaryimage"},"thumbnailUrl":"https:\/\/i0.wp.com\/giantval.com\/wp-content\/uploads\/2022\/04\/A2A0231-1-scaled.jpg?fit=1707%2C2560&ssl=1","datePublished":"2022-04-02T17:06:36+00:00","dateModified":"2025-12-20T12:39:37+00:00","breadcrumb":{"@id":"https:\/\/giantval.com\/produit\/blazer-lena\/#breadcrumb"},"inLanguage":"en-GB","potentialAction":[{"@type":"ReadAction","target":["https:\/\/giantval.com\/produit\/blazer-lena\/"]}]},{"@type":"ImageObject","inLanguage":"en-GB","@id":"https:\/\/giantval.com\/produit\/blazer-lena\/#primaryimage","url":"https:\/\/i0.wp.com\/giantval.com\/wp-content\/uploads\/2022\/04\/A2A0231-1-scaled.jpg?fit=1707%2C2560&ssl=1","contentUrl":"https:\/\/i0.wp.com\/giantval.com\/wp-content\/uploads\/2022\/04\/A2A0231-1-scaled.jpg?fit=1707%2C2560&ssl=1","width":1707,"height":2560},{"@type":"BreadcrumbList","@id":"https:\/\/giantval.com\/produit\/blazer-lena\/#breadcrumb","itemListElement":[{"@type":"ListItem","position":1,"name":"Accueil","item":"https:\/\/giantval.com\/"},{"@type":"ListItem","position":2,"name":"E-shop","item":"https:\/\/giantval.com\/e-shop\/"},{"@type":"ListItem","position":3,"name":"Veste L\u00e9na"}]},{"@type":"WebSite","@id":"https:\/\/giantval.com\/#website","url":"https:\/\/giantval.com\/","name":"GiantVal","description":"Premium clothes","publisher":{"@id":"https:\/\/giantval.com\/#organization"},"potentialAction":[{"@type":"SearchAction","target":{"@type":"EntryPoint","urlTemplate":"https:\/\/giantval.com\/?s={search_term_string}"},"query-input":{"@type":"PropertyValueSpecification","valueRequired":true,"valueName":"search_term_string"}}],"inLanguage":"en-GB"},{"@type":"Organization","@id":"https:\/\/giantval.com\/#organization","name":"GiantVal","url":"https:\/\/giantval.com\/","logo":{"@type":"ImageObject","inLanguage":"en-GB","@id":"https:\/\/giantval.com\/#\/schema\/logo\/image\/","url":"https:\/\/i0.wp.com\/giantval.com\/wp-content\/uploads\/2022\/02\/GV21_Combine%E2%95%A0u%CC%88_Noir.png?fit=2501%2C1668&ssl=1","contentUrl":"https:\/\/i0.wp.com\/giantval.com\/wp-content\/uploads\/2022\/02\/GV21_Combine%E2%95%A0u%CC%88_Noir.png?fit=2501%2C1668&ssl=1","width":2501,"height":1668,"caption":"GiantVal"},"image":{"@id":"https:\/\/giantval.com\/#\/schema\/logo\/image\/"}}]}},"jetpack-related-posts":[],"jetpack_sharing_enabled":true,"_links":{"self":[{"href":"https:\/\/giantval.com\/en\/wp-json\/wp\/v2\/product\/280","targetHints":{"allow":["GET"]}}],"collection":[{"href":"https:\/\/giantval.com\/en\/wp-json\/wp\/v2\/product"}],"about":[{"href":"https:\/\/giantval.com\/en\/wp-json\/wp\/v2\/types\/product"}],"replies":[{"embeddable":true,"href":"https:\/\/giantval.com\/en\/wp-json\/wp\/v2\/comments?post=280"}],"wp:featuredmedia":[{"embeddable":true,"href":"https:\/\/giantval.com\/en\/wp-json\/wp\/v2\/media\/419"}],"wp:attachment":[{"href":"https:\/\/giantval.com\/en\/wp-json\/wp\/v2\/media?parent=280"}],"wp:term":[{"taxonomy":"product_brand","embeddable":true,"href":"https:\/\/giantval.com\/en\/wp-json\/wp\/v2\/product_brand?post=280"},{"taxonomy":"product_cat","embeddable":true,"href":"https:\/\/giantval.com\/en\/wp-json\/wp\/v2\/product_cat?post=280"},{"taxonomy":"product_tag","embeddable":true,"href":"https:\/\/giantval.com\/en\/wp-json\/wp\/v2\/product_tag?post=280"}],"curies":[{"name":"wp","href":"https:\/\/api.w.org\/{rel}","templated":true}]}}