{"id":531,"date":"2022-05-29T14:10:03","date_gmt":"2022-05-29T14:10:03","guid":{"rendered":"https:\/\/giantval.com\/?post_type=product&#038;p=531"},"modified":"2023-10-12T18:13:58","modified_gmt":"2023-10-12T18:13:58","slug":"pantalon-azura","status":"publish","type":"product","link":"https:\/\/giantval.com\/en\/product\/pantalon-azura\/","title":{"rendered":"Azura Pants"},"content":{"rendered":"<p>These pants are high waist, slightly elephant foot. It is available in only 3 sizes : 36 , 38 and 40. The 4th piece is on order.<\/p>\n<p><strong><em>Maintenance and washing<\/em><\/strong><\/p>\n<p>Dry-cleaning or washing in the machine at 30\u00b0C<\/p>\n<p><strong>Board style<\/strong><\/p>\n<p>This pants azura is associated with the pretty shirt Jade or with the jacket Lena!<\/p>\n<p><strong>Size Guide<\/strong><\/p>\n<p>The models measure 1m62 and 1m68 and wear size 36.<\/p>\n<p>36: waist 69cm<\/p>\n<p>38: waist 74cm<\/p>\n<p>40: waist 79cm<\/p>\n<p>42:waist 83cm<\/p>","protected":false},"excerpt":{"rendered":"<p>Ce pantalon est taille haute, l\u00e9g\u00e8rement patte d&#8217;\u00e9l\u00e9phant .Il est disponible en seulement 3 exemplaires : En 36 , 38 et 40. La \u00a04\u00e8me pi\u00e8ce est sur commande. Entretien-lavage Nettoyage&#8230;<\/p>","protected":false},"featured_media":536,"comment_status":"open","ping_status":"closed","template":"","meta":[],"product_brand":[],"product_cat":[30,52],"product_tag":[],"class_list":{"0":"post-531","1":"product","2":"type-product","3":"status-publish","4":"has-post-thumbnail","6":"product_cat-clothing","7":"product_cat-pantalon","9":"first","10":"instock","11":"taxable","12":"shipping-taxable","13":"purchasable","14":"product-type-variable"},"yoast_head":"<!-- This site is optimized with the Yoast SEO plugin v27.5 - https:\/\/yoast.com\/product\/yoast-seo-wordpress\/ -->\n<title>Pantalon Azura - GiantVal<\/title>\n<meta name=\"robots\" content=\"index, follow, max-snippet:-1, max-image-preview:large, max-video-preview:-1\" \/>\n<link rel=\"canonical\" href=\"https:\/\/giantval.com\/en\/product\/pantalon-azura\/\" \/>\n<meta property=\"og:locale\" content=\"en_GB\" \/>\n<meta property=\"og:type\" content=\"article\" \/>\n<meta property=\"og:title\" content=\"Pantalon Azura - GiantVal\" \/>\n<meta property=\"og:description\" content=\"Ce pantalon est taille haute, l\u00e9g\u00e8rement patte d&#8217;\u00e9l\u00e9phant .Il est disponible en seulement 3 exemplaires : En 36 , 38 et 40. La \u00a04\u00e8me pi\u00e8ce est sur commande. Entretien-lavage Nettoyage...\" \/>\n<meta property=\"og:url\" content=\"https:\/\/giantval.com\/en\/product\/pantalon-azura\/\" \/>\n<meta property=\"og:site_name\" content=\"GiantVal\" \/>\n<meta property=\"article:modified_time\" content=\"2023-10-12T18:13:58+00:00\" \/>\n<meta property=\"og:image\" content=\"https:\/\/i0.wp.com\/giantval.com\/wp-content\/uploads\/2022\/05\/A2A9925-scaled.jpg?fit=1707%2C2560&ssl=1\" \/>\n\t<meta property=\"og:image:width\" content=\"1707\" \/>\n\t<meta property=\"og:image:height\" content=\"2560\" \/>\n\t<meta property=\"og:image:type\" content=\"image\/jpeg\" \/>\n<meta name=\"twitter:card\" content=\"summary_large_image\" \/>\n<meta name=\"twitter:label1\" content=\"Estimated reading time\" \/>\n\t<meta name=\"twitter:data1\" content=\"1 minute\" \/>\n<script type=\"application\/ld+json\" class=\"yoast-schema-graph\">{\"@context\":\"https:\\\/\\\/schema.org\",\"@graph\":[{\"@type\":\"WebPage\",\"@id\":\"https:\\\/\\\/giantval.com\\\/produit\\\/pantalon-azura\\\/\",\"url\":\"https:\\\/\\\/giantval.com\\\/produit\\\/pantalon-azura\\\/\",\"name\":\"Pantalon Azura - GiantVal\",\"isPartOf\":{\"@id\":\"https:\\\/\\\/giantval.com\\\/#website\"},\"primaryImageOfPage\":{\"@id\":\"https:\\\/\\\/giantval.com\\\/produit\\\/pantalon-azura\\\/#primaryimage\"},\"image\":{\"@id\":\"https:\\\/\\\/giantval.com\\\/produit\\\/pantalon-azura\\\/#primaryimage\"},\"thumbnailUrl\":\"https:\\\/\\\/i0.wp.com\\\/giantval.com\\\/wp-content\\\/uploads\\\/2022\\\/05\\\/A2A9925-scaled.jpg?fit=1707%2C2560&ssl=1\",\"datePublished\":\"2022-05-29T14:10:03+00:00\",\"dateModified\":\"2023-10-12T18:13:58+00:00\",\"breadcrumb\":{\"@id\":\"https:\\\/\\\/giantval.com\\\/produit\\\/pantalon-azura\\\/#breadcrumb\"},\"inLanguage\":\"en-GB\",\"potentialAction\":[{\"@type\":\"ReadAction\",\"target\":[\"https:\\\/\\\/giantval.com\\\/produit\\\/pantalon-azura\\\/\"]}]},{\"@type\":\"ImageObject\",\"inLanguage\":\"en-GB\",\"@id\":\"https:\\\/\\\/giantval.com\\\/produit\\\/pantalon-azura\\\/#primaryimage\",\"url\":\"https:\\\/\\\/i0.wp.com\\\/giantval.com\\\/wp-content\\\/uploads\\\/2022\\\/05\\\/A2A9925-scaled.jpg?fit=1707%2C2560&ssl=1\",\"contentUrl\":\"https:\\\/\\\/i0.wp.com\\\/giantval.com\\\/wp-content\\\/uploads\\\/2022\\\/05\\\/A2A9925-scaled.jpg?fit=1707%2C2560&ssl=1\",\"width\":1707,\"height\":2560},{\"@type\":\"BreadcrumbList\",\"@id\":\"https:\\\/\\\/giantval.com\\\/produit\\\/pantalon-azura\\\/#breadcrumb\",\"itemListElement\":[{\"@type\":\"ListItem\",\"position\":1,\"name\":\"Accueil\",\"item\":\"https:\\\/\\\/giantval.com\\\/\"},{\"@type\":\"ListItem\",\"position\":2,\"name\":\"E-shop\",\"item\":\"https:\\\/\\\/giantval.com\\\/e-shop\\\/\"},{\"@type\":\"ListItem\",\"position\":3,\"name\":\"Pantalon Azura\"}]},{\"@type\":\"WebSite\",\"@id\":\"https:\\\/\\\/giantval.com\\\/#website\",\"url\":\"https:\\\/\\\/giantval.com\\\/\",\"name\":\"GiantVal\",\"description\":\"Premium clothes\",\"publisher\":{\"@id\":\"https:\\\/\\\/giantval.com\\\/#organization\"},\"potentialAction\":[{\"@type\":\"SearchAction\",\"target\":{\"@type\":\"EntryPoint\",\"urlTemplate\":\"https:\\\/\\\/giantval.com\\\/?s={search_term_string}\"},\"query-input\":{\"@type\":\"PropertyValueSpecification\",\"valueRequired\":true,\"valueName\":\"search_term_string\"}}],\"inLanguage\":\"en-GB\"},{\"@type\":\"Organization\",\"@id\":\"https:\\\/\\\/giantval.com\\\/#organization\",\"name\":\"GiantVal\",\"url\":\"https:\\\/\\\/giantval.com\\\/\",\"logo\":{\"@type\":\"ImageObject\",\"inLanguage\":\"en-GB\",\"@id\":\"https:\\\/\\\/giantval.com\\\/#\\\/schema\\\/logo\\\/image\\\/\",\"url\":\"https:\\\/\\\/i0.wp.com\\\/giantval.com\\\/wp-content\\\/uploads\\\/2022\\\/02\\\/GV21_Combine%E2%95%A0u%CC%88_Noir.png?fit=2501%2C1668&ssl=1\",\"contentUrl\":\"https:\\\/\\\/i0.wp.com\\\/giantval.com\\\/wp-content\\\/uploads\\\/2022\\\/02\\\/GV21_Combine%E2%95%A0u%CC%88_Noir.png?fit=2501%2C1668&ssl=1\",\"width\":2501,\"height\":1668,\"caption\":\"GiantVal\"},\"image\":{\"@id\":\"https:\\\/\\\/giantval.com\\\/#\\\/schema\\\/logo\\\/image\\\/\"}}]}<\/script>\n<!-- \/ Yoast SEO plugin. -->","yoast_head_json":{"title":"Pantalon Azura - GiantVal","robots":{"index":"index","follow":"follow","max-snippet":"max-snippet:-1","max-image-preview":"max-image-preview:large","max-video-preview":"max-video-preview:-1"},"canonical":"https:\/\/giantval.com\/en\/product\/pantalon-azura\/","og_locale":"en_GB","og_type":"article","og_title":"Pantalon Azura - GiantVal","og_description":"Ce pantalon est taille haute, l\u00e9g\u00e8rement patte d&#8217;\u00e9l\u00e9phant .Il est disponible en seulement 3 exemplaires : En 36 , 38 et 40. La \u00a04\u00e8me pi\u00e8ce est sur commande. Entretien-lavage Nettoyage...","og_url":"https:\/\/giantval.com\/en\/product\/pantalon-azura\/","og_site_name":"GiantVal","article_modified_time":"2023-10-12T18:13:58+00:00","og_image":[{"width":1707,"height":2560,"url":"https:\/\/i0.wp.com\/giantval.com\/wp-content\/uploads\/2022\/05\/A2A9925-scaled.jpg?fit=1707%2C2560&ssl=1","type":"image\/jpeg"}],"twitter_card":"summary_large_image","twitter_misc":{"Estimated reading time":"1 minute"},"schema":{"@context":"https:\/\/schema.org","@graph":[{"@type":"WebPage","@id":"https:\/\/giantval.com\/produit\/pantalon-azura\/","url":"https:\/\/giantval.com\/produit\/pantalon-azura\/","name":"Pantalon Azura - GiantVal","isPartOf":{"@id":"https:\/\/giantval.com\/#website"},"primaryImageOfPage":{"@id":"https:\/\/giantval.com\/produit\/pantalon-azura\/#primaryimage"},"image":{"@id":"https:\/\/giantval.com\/produit\/pantalon-azura\/#primaryimage"},"thumbnailUrl":"https:\/\/i0.wp.com\/giantval.com\/wp-content\/uploads\/2022\/05\/A2A9925-scaled.jpg?fit=1707%2C2560&ssl=1","datePublished":"2022-05-29T14:10:03+00:00","dateModified":"2023-10-12T18:13:58+00:00","breadcrumb":{"@id":"https:\/\/giantval.com\/produit\/pantalon-azura\/#breadcrumb"},"inLanguage":"en-GB","potentialAction":[{"@type":"ReadAction","target":["https:\/\/giantval.com\/produit\/pantalon-azura\/"]}]},{"@type":"ImageObject","inLanguage":"en-GB","@id":"https:\/\/giantval.com\/produit\/pantalon-azura\/#primaryimage","url":"https:\/\/i0.wp.com\/giantval.com\/wp-content\/uploads\/2022\/05\/A2A9925-scaled.jpg?fit=1707%2C2560&ssl=1","contentUrl":"https:\/\/i0.wp.com\/giantval.com\/wp-content\/uploads\/2022\/05\/A2A9925-scaled.jpg?fit=1707%2C2560&ssl=1","width":1707,"height":2560},{"@type":"BreadcrumbList","@id":"https:\/\/giantval.com\/produit\/pantalon-azura\/#breadcrumb","itemListElement":[{"@type":"ListItem","position":1,"name":"Accueil","item":"https:\/\/giantval.com\/"},{"@type":"ListItem","position":2,"name":"E-shop","item":"https:\/\/giantval.com\/e-shop\/"},{"@type":"ListItem","position":3,"name":"Pantalon Azura"}]},{"@type":"WebSite","@id":"https:\/\/giantval.com\/#website","url":"https:\/\/giantval.com\/","name":"GiantVal","description":"Premium clothes","publisher":{"@id":"https:\/\/giantval.com\/#organization"},"potentialAction":[{"@type":"SearchAction","target":{"@type":"EntryPoint","urlTemplate":"https:\/\/giantval.com\/?s={search_term_string}"},"query-input":{"@type":"PropertyValueSpecification","valueRequired":true,"valueName":"search_term_string"}}],"inLanguage":"en-GB"},{"@type":"Organization","@id":"https:\/\/giantval.com\/#organization","name":"GiantVal","url":"https:\/\/giantval.com\/","logo":{"@type":"ImageObject","inLanguage":"en-GB","@id":"https:\/\/giantval.com\/#\/schema\/logo\/image\/","url":"https:\/\/i0.wp.com\/giantval.com\/wp-content\/uploads\/2022\/02\/GV21_Combine%E2%95%A0u%CC%88_Noir.png?fit=2501%2C1668&ssl=1","contentUrl":"https:\/\/i0.wp.com\/giantval.com\/wp-content\/uploads\/2022\/02\/GV21_Combine%E2%95%A0u%CC%88_Noir.png?fit=2501%2C1668&ssl=1","width":2501,"height":1668,"caption":"GiantVal"},"image":{"@id":"https:\/\/giantval.com\/#\/schema\/logo\/image\/"}}]}},"jetpack-related-posts":[],"jetpack_sharing_enabled":true,"_links":{"self":[{"href":"https:\/\/giantval.com\/en\/wp-json\/wp\/v2\/product\/531","targetHints":{"allow":["GET"]}}],"collection":[{"href":"https:\/\/giantval.com\/en\/wp-json\/wp\/v2\/product"}],"about":[{"href":"https:\/\/giantval.com\/en\/wp-json\/wp\/v2\/types\/product"}],"replies":[{"embeddable":true,"href":"https:\/\/giantval.com\/en\/wp-json\/wp\/v2\/comments?post=531"}],"wp:featuredmedia":[{"embeddable":true,"href":"https:\/\/giantval.com\/en\/wp-json\/wp\/v2\/media\/536"}],"wp:attachment":[{"href":"https:\/\/giantval.com\/en\/wp-json\/wp\/v2\/media?parent=531"}],"wp:term":[{"taxonomy":"product_brand","embeddable":true,"href":"https:\/\/giantval.com\/en\/wp-json\/wp\/v2\/product_brand?post=531"},{"taxonomy":"product_cat","embeddable":true,"href":"https:\/\/giantval.com\/en\/wp-json\/wp\/v2\/product_cat?post=531"},{"taxonomy":"product_tag","embeddable":true,"href":"https:\/\/giantval.com\/en\/wp-json\/wp\/v2\/product_tag?post=531"}],"curies":[{"name":"wp","href":"https:\/\/api.w.org\/{rel}","templated":true}]}}