{"id":90,"date":"2022-03-09T21:53:26","date_gmt":"2022-03-09T21:53:26","guid":{"rendered":"https:\/\/giantval.com\/product\/hoodie-with-logo\/"},"modified":"2022-11-25T08:40:32","modified_gmt":"2022-11-25T08:40:32","slug":"ensemble-balnea","status":"publish","type":"product","link":"https:\/\/giantval.com\/en\/product\/ensemble-balnea\/","title":{"rendered":"Balnea floral set"},"content":{"rendered":"<p>This pretty set consists of a ruffled skirt and a boat neck blouse with flutter sleeves.<\/p>\n<p>The pieces can be worn together and separately.<\/p>\n<p>It is available in only 3 sizes: 36 , 38 and 40. The 4th piece is by order.<\/p>\n<p><strong><em>Maintenance and washing<\/em><\/strong><\/p>\n<p>Dry cleaning<\/p>\n<p><strong>Size Guide<\/strong><\/p>\n<p>The model measures 1m62 and wear size 40.<\/p>\n<p>36: waist 69cm<\/p>\n<p>38: waist 74cm<\/p>\n<p>40: waist 79cm<\/p>\n<p>42: waist 83 cm<\/p>","protected":false},"excerpt":{"rendered":"<p>Ce joli ensemble est compos\u00e9 d&#8217;une jupe \u00e0 volant et d&#8217;une\u00a0 blouse \u00e0 col bateau avec des manches volantes. Les pi\u00e8ces peuvent se porter ensemble et aussi s\u00e9par\u00e9ment. L&#8217;ensemble baln\u00e9a&#8230;<\/p>","protected":false},"featured_media":526,"comment_status":"open","ping_status":"closed","template":"","meta":[],"product_brand":[],"product_cat":[30,63,40],"product_tag":[],"class_list":{"0":"post-90","1":"product","2":"type-product","3":"status-publish","4":"has-post-thumbnail","6":"product_cat-clothing","7":"product_cat-ensemble","8":"product_cat-jupe","10":"first","11":"instock","12":"taxable","13":"shipping-taxable","14":"purchasable","15":"product-type-variable"},"yoast_head":"<!-- This site is optimized with the Yoast SEO plugin v27.5 - https:\/\/yoast.com\/product\/yoast-seo-wordpress\/ -->\n<title>Ensemble Baln\u00e9a - GiantVal<\/title>\n<meta name=\"robots\" content=\"index, follow, max-snippet:-1, max-image-preview:large, max-video-preview:-1\" \/>\n<link rel=\"canonical\" href=\"https:\/\/giantval.com\/en\/product\/ensemble-balnea\/\" \/>\n<meta property=\"og:locale\" content=\"en_GB\" \/>\n<meta property=\"og:type\" content=\"article\" \/>\n<meta property=\"og:title\" content=\"Ensemble Baln\u00e9a - GiantVal\" \/>\n<meta property=\"og:description\" content=\"Ce joli ensemble est compos\u00e9 d&#8217;une jupe \u00e0 volant et d&#8217;une\u00a0 blouse \u00e0 col bateau avec des manches volantes. Les pi\u00e8ces peuvent se porter ensemble et aussi s\u00e9par\u00e9ment. L&#8217;ensemble baln\u00e9a...\" \/>\n<meta property=\"og:url\" content=\"https:\/\/giantval.com\/en\/product\/ensemble-balnea\/\" \/>\n<meta property=\"og:site_name\" content=\"GiantVal\" \/>\n<meta property=\"article:modified_time\" content=\"2022-11-25T08:40:32+00:00\" \/>\n<meta property=\"og:image\" content=\"https:\/\/i0.wp.com\/giantval.com\/wp-content\/uploads\/2022\/03\/A2A9479-scaled.jpg?fit=1707%2C2560&ssl=1\" \/>\n\t<meta property=\"og:image:width\" content=\"1707\" \/>\n\t<meta property=\"og:image:height\" content=\"2560\" \/>\n\t<meta property=\"og:image:type\" content=\"image\/jpeg\" \/>\n<meta name=\"twitter:card\" content=\"summary_large_image\" \/>\n<meta name=\"twitter:label1\" content=\"Estimated reading time\" \/>\n\t<meta name=\"twitter:data1\" content=\"1 minute\" \/>\n<script type=\"application\/ld+json\" class=\"yoast-schema-graph\">{\"@context\":\"https:\\\/\\\/schema.org\",\"@graph\":[{\"@type\":\"WebPage\",\"@id\":\"https:\\\/\\\/giantval.com\\\/produit\\\/ensemble-balnea\\\/\",\"url\":\"https:\\\/\\\/giantval.com\\\/produit\\\/ensemble-balnea\\\/\",\"name\":\"Ensemble Baln\u00e9a - GiantVal\",\"isPartOf\":{\"@id\":\"https:\\\/\\\/giantval.com\\\/#website\"},\"primaryImageOfPage\":{\"@id\":\"https:\\\/\\\/giantval.com\\\/produit\\\/ensemble-balnea\\\/#primaryimage\"},\"image\":{\"@id\":\"https:\\\/\\\/giantval.com\\\/produit\\\/ensemble-balnea\\\/#primaryimage\"},\"thumbnailUrl\":\"https:\\\/\\\/i0.wp.com\\\/giantval.com\\\/wp-content\\\/uploads\\\/2022\\\/03\\\/A2A9479-scaled.jpg?fit=1707%2C2560&ssl=1\",\"datePublished\":\"2022-03-09T21:53:26+00:00\",\"dateModified\":\"2022-11-25T08:40:32+00:00\",\"breadcrumb\":{\"@id\":\"https:\\\/\\\/giantval.com\\\/produit\\\/ensemble-balnea\\\/#breadcrumb\"},\"inLanguage\":\"en-GB\",\"potentialAction\":[{\"@type\":\"ReadAction\",\"target\":[\"https:\\\/\\\/giantval.com\\\/produit\\\/ensemble-balnea\\\/\"]}]},{\"@type\":\"ImageObject\",\"inLanguage\":\"en-GB\",\"@id\":\"https:\\\/\\\/giantval.com\\\/produit\\\/ensemble-balnea\\\/#primaryimage\",\"url\":\"https:\\\/\\\/i0.wp.com\\\/giantval.com\\\/wp-content\\\/uploads\\\/2022\\\/03\\\/A2A9479-scaled.jpg?fit=1707%2C2560&ssl=1\",\"contentUrl\":\"https:\\\/\\\/i0.wp.com\\\/giantval.com\\\/wp-content\\\/uploads\\\/2022\\\/03\\\/A2A9479-scaled.jpg?fit=1707%2C2560&ssl=1\",\"width\":1707,\"height\":2560},{\"@type\":\"BreadcrumbList\",\"@id\":\"https:\\\/\\\/giantval.com\\\/produit\\\/ensemble-balnea\\\/#breadcrumb\",\"itemListElement\":[{\"@type\":\"ListItem\",\"position\":1,\"name\":\"Accueil\",\"item\":\"https:\\\/\\\/giantval.com\\\/\"},{\"@type\":\"ListItem\",\"position\":2,\"name\":\"E-shop\",\"item\":\"https:\\\/\\\/giantval.com\\\/e-shop\\\/\"},{\"@type\":\"ListItem\",\"position\":3,\"name\":\"Ensemble Baln\u00e9a\"}]},{\"@type\":\"WebSite\",\"@id\":\"https:\\\/\\\/giantval.com\\\/#website\",\"url\":\"https:\\\/\\\/giantval.com\\\/\",\"name\":\"GiantVal\",\"description\":\"Premium clothes\",\"publisher\":{\"@id\":\"https:\\\/\\\/giantval.com\\\/#organization\"},\"potentialAction\":[{\"@type\":\"SearchAction\",\"target\":{\"@type\":\"EntryPoint\",\"urlTemplate\":\"https:\\\/\\\/giantval.com\\\/?s={search_term_string}\"},\"query-input\":{\"@type\":\"PropertyValueSpecification\",\"valueRequired\":true,\"valueName\":\"search_term_string\"}}],\"inLanguage\":\"en-GB\"},{\"@type\":\"Organization\",\"@id\":\"https:\\\/\\\/giantval.com\\\/#organization\",\"name\":\"GiantVal\",\"url\":\"https:\\\/\\\/giantval.com\\\/\",\"logo\":{\"@type\":\"ImageObject\",\"inLanguage\":\"en-GB\",\"@id\":\"https:\\\/\\\/giantval.com\\\/#\\\/schema\\\/logo\\\/image\\\/\",\"url\":\"https:\\\/\\\/i0.wp.com\\\/giantval.com\\\/wp-content\\\/uploads\\\/2022\\\/02\\\/GV21_Combine%E2%95%A0u%CC%88_Noir.png?fit=2501%2C1668&ssl=1\",\"contentUrl\":\"https:\\\/\\\/i0.wp.com\\\/giantval.com\\\/wp-content\\\/uploads\\\/2022\\\/02\\\/GV21_Combine%E2%95%A0u%CC%88_Noir.png?fit=2501%2C1668&ssl=1\",\"width\":2501,\"height\":1668,\"caption\":\"GiantVal\"},\"image\":{\"@id\":\"https:\\\/\\\/giantval.com\\\/#\\\/schema\\\/logo\\\/image\\\/\"}}]}<\/script>\n<!-- \/ Yoast SEO plugin. -->","yoast_head_json":{"title":"Ensemble Baln\u00e9a - GiantVal","robots":{"index":"index","follow":"follow","max-snippet":"max-snippet:-1","max-image-preview":"max-image-preview:large","max-video-preview":"max-video-preview:-1"},"canonical":"https:\/\/giantval.com\/en\/product\/ensemble-balnea\/","og_locale":"en_GB","og_type":"article","og_title":"Ensemble Baln\u00e9a - GiantVal","og_description":"Ce joli ensemble est compos\u00e9 d&#8217;une jupe \u00e0 volant et d&#8217;une\u00a0 blouse \u00e0 col bateau avec des manches volantes. Les pi\u00e8ces peuvent se porter ensemble et aussi s\u00e9par\u00e9ment. L&#8217;ensemble baln\u00e9a...","og_url":"https:\/\/giantval.com\/en\/product\/ensemble-balnea\/","og_site_name":"GiantVal","article_modified_time":"2022-11-25T08:40:32+00:00","og_image":[{"width":1707,"height":2560,"url":"https:\/\/i0.wp.com\/giantval.com\/wp-content\/uploads\/2022\/03\/A2A9479-scaled.jpg?fit=1707%2C2560&ssl=1","type":"image\/jpeg"}],"twitter_card":"summary_large_image","twitter_misc":{"Estimated reading time":"1 minute"},"schema":{"@context":"https:\/\/schema.org","@graph":[{"@type":"WebPage","@id":"https:\/\/giantval.com\/produit\/ensemble-balnea\/","url":"https:\/\/giantval.com\/produit\/ensemble-balnea\/","name":"Ensemble Baln\u00e9a - GiantVal","isPartOf":{"@id":"https:\/\/giantval.com\/#website"},"primaryImageOfPage":{"@id":"https:\/\/giantval.com\/produit\/ensemble-balnea\/#primaryimage"},"image":{"@id":"https:\/\/giantval.com\/produit\/ensemble-balnea\/#primaryimage"},"thumbnailUrl":"https:\/\/i0.wp.com\/giantval.com\/wp-content\/uploads\/2022\/03\/A2A9479-scaled.jpg?fit=1707%2C2560&ssl=1","datePublished":"2022-03-09T21:53:26+00:00","dateModified":"2022-11-25T08:40:32+00:00","breadcrumb":{"@id":"https:\/\/giantval.com\/produit\/ensemble-balnea\/#breadcrumb"},"inLanguage":"en-GB","potentialAction":[{"@type":"ReadAction","target":["https:\/\/giantval.com\/produit\/ensemble-balnea\/"]}]},{"@type":"ImageObject","inLanguage":"en-GB","@id":"https:\/\/giantval.com\/produit\/ensemble-balnea\/#primaryimage","url":"https:\/\/i0.wp.com\/giantval.com\/wp-content\/uploads\/2022\/03\/A2A9479-scaled.jpg?fit=1707%2C2560&ssl=1","contentUrl":"https:\/\/i0.wp.com\/giantval.com\/wp-content\/uploads\/2022\/03\/A2A9479-scaled.jpg?fit=1707%2C2560&ssl=1","width":1707,"height":2560},{"@type":"BreadcrumbList","@id":"https:\/\/giantval.com\/produit\/ensemble-balnea\/#breadcrumb","itemListElement":[{"@type":"ListItem","position":1,"name":"Accueil","item":"https:\/\/giantval.com\/"},{"@type":"ListItem","position":2,"name":"E-shop","item":"https:\/\/giantval.com\/e-shop\/"},{"@type":"ListItem","position":3,"name":"Ensemble Baln\u00e9a"}]},{"@type":"WebSite","@id":"https:\/\/giantval.com\/#website","url":"https:\/\/giantval.com\/","name":"GiantVal","description":"Premium clothes","publisher":{"@id":"https:\/\/giantval.com\/#organization"},"potentialAction":[{"@type":"SearchAction","target":{"@type":"EntryPoint","urlTemplate":"https:\/\/giantval.com\/?s={search_term_string}"},"query-input":{"@type":"PropertyValueSpecification","valueRequired":true,"valueName":"search_term_string"}}],"inLanguage":"en-GB"},{"@type":"Organization","@id":"https:\/\/giantval.com\/#organization","name":"GiantVal","url":"https:\/\/giantval.com\/","logo":{"@type":"ImageObject","inLanguage":"en-GB","@id":"https:\/\/giantval.com\/#\/schema\/logo\/image\/","url":"https:\/\/i0.wp.com\/giantval.com\/wp-content\/uploads\/2022\/02\/GV21_Combine%E2%95%A0u%CC%88_Noir.png?fit=2501%2C1668&ssl=1","contentUrl":"https:\/\/i0.wp.com\/giantval.com\/wp-content\/uploads\/2022\/02\/GV21_Combine%E2%95%A0u%CC%88_Noir.png?fit=2501%2C1668&ssl=1","width":2501,"height":1668,"caption":"GiantVal"},"image":{"@id":"https:\/\/giantval.com\/#\/schema\/logo\/image\/"}}]}},"jetpack-related-posts":[],"jetpack_sharing_enabled":true,"_links":{"self":[{"href":"https:\/\/giantval.com\/en\/wp-json\/wp\/v2\/product\/90","targetHints":{"allow":["GET"]}}],"collection":[{"href":"https:\/\/giantval.com\/en\/wp-json\/wp\/v2\/product"}],"about":[{"href":"https:\/\/giantval.com\/en\/wp-json\/wp\/v2\/types\/product"}],"replies":[{"embeddable":true,"href":"https:\/\/giantval.com\/en\/wp-json\/wp\/v2\/comments?post=90"}],"wp:featuredmedia":[{"embeddable":true,"href":"https:\/\/giantval.com\/en\/wp-json\/wp\/v2\/media\/526"}],"wp:attachment":[{"href":"https:\/\/giantval.com\/en\/wp-json\/wp\/v2\/media?parent=90"}],"wp:term":[{"taxonomy":"product_brand","embeddable":true,"href":"https:\/\/giantval.com\/en\/wp-json\/wp\/v2\/product_brand?post=90"},{"taxonomy":"product_cat","embeddable":true,"href":"https:\/\/giantval.com\/en\/wp-json\/wp\/v2\/product_cat?post=90"},{"taxonomy":"product_tag","embeddable":true,"href":"https:\/\/giantval.com\/en\/wp-json\/wp\/v2\/product_tag?post=90"}],"curies":[{"name":"wp","href":"https:\/\/api.w.org\/{rel}","templated":true}]}}